{"id":1042,"date":"2024-10-18T16:43:03","date_gmt":"2024-10-18T16:43:03","guid":{"rendered":"https:\/\/vican.cl\/?page_id=1042"},"modified":"2024-10-18T19:00:44","modified_gmt":"2024-10-18T19:00:44","slug":"cataviento-plantas-industriales","status":"publish","type":"page","link":"https:\/\/vican.cl\/?page_id=1042","title":{"rendered":"Cataviento Plantas Industriales Vican"},"content":{"rendered":"<p>[et_pb_section fb_built=\u00bb1&#8243; fullwidth=\u00bbon\u00bb admin_label=\u00bbHero Section\u00bb _builder_version=\u00bb4.11.1&#8243; background_image=\u00bbhttp:\/\/vican.cl\/wp-content\/uploads\/2024\/10\/CatavientoIndustrialVican.png\u00bb parallax=\u00bbon\u00bb custom_padding=\u00bb|||\u00bb hover_enabled=\u00bb0&#8243; global_colors_info=\u00bb{}\u00bb title_text=\u00bbCatavientoIndustrialVican\u00bb sticky_enabled=\u00bb0&#8243;][et_pb_fullwidth_header title=\u00bb ideal para faenas\u00bb subhead=\u00bbCataviento Plantas Industriales\u00bb button_one_text=\u00bbCont\u00e1ctanos\u00bb button_one_url=\u00bbhttps:\/\/wa.me\/message\/JBOLKOSDBHAWI1&#8243; content_max_width=\u00bb900px\u00bb _builder_version=\u00bb4.11.1&#8243; title_font=\u00bbPoppins|600||on|||||\u00bb title_font_size=\u00bb18px\u00bb title_letter_spacing=\u00bb4px\u00bb title_line_height=\u00bb1.8em\u00bb content_font=\u00bb||||||||\u00bb subhead_font=\u00bbRaleway|700|||||||\u00bb subhead_font_size=\u00bb72px\u00bb subhead_line_height=\u00bb1.4em\u00bb background_color=\u00bbrgba(126,190,197,0)\u00bb use_background_color_gradient=\u00bbon\u00bb background_color_gradient_start=\u00bb#e52453&#8243; background_color_gradient_end=\u00bbrgba(0,13,255,0.35)\u00bb background_color_gradient_direction=\u00bb90deg\u00bb background_color_gradient_start_position=\u00bb25%\u00bb background_color_gradient_end_position=\u00bb75%\u00bb background_color_gradient_overlays_image=\u00bbon\u00bb custom_button_one=\u00bbon\u00bb button_one_text_size=\u00bb14px\u00bb button_one_text_color=\u00bb#E02B20&#8243; button_one_bg_color=\u00bb#FFFFFF\u00bb button_one_border_width=\u00bb12px\u00bb button_one_border_color=\u00bb#FFFFFF\u00bb button_one_letter_spacing=\u00bb2px\u00bb button_one_font=\u00bbPoppins|600||on|||||\u00bb button_one_icon=\u00bb%%3%%\u00bb custom_button_two=\u00bbon\u00bb button_two_text_size=\u00bb14px\u00bb button_two_text_color=\u00bb#29cb8b\u00bb button_two_bg_color=\u00bb#ffffff\u00bb button_two_border_width=\u00bb12px\u00bb button_two_border_color=\u00bb#ffffff\u00bb button_two_letter_spacing=\u00bb2px\u00bb button_two_font=\u00bbPoppins|600||on|||||\u00bb button_two_icon=\u00bb%%3%%\u00bb custom_padding=\u00bb10vw||28vw|\u00bb content_font_size_last_edited=\u00bboff|desktop\u00bb subhead_font_size_tablet=\u00bb56px\u00bb subhead_font_size_phone=\u00bb36px\u00bb subhead_font_size_last_edited=\u00bbon|phone\u00bb button_one_letter_spacing_hover=\u00bb2px\u00bb button_two_letter_spacing_hover=\u00bb2px\u00bb global_colors_info=\u00bb{}\u00bb button_one_text_size__hover_enabled=\u00bboff\u00bb button_two_text_size__hover_enabled=\u00bboff\u00bb button_one_text_color__hover_enabled=\u00bboff\u00bb button_two_text_color__hover_enabled=\u00bboff\u00bb button_one_border_width__hover_enabled=\u00bboff\u00bb button_two_border_width__hover_enabled=\u00bboff\u00bb button_one_border_color__hover_enabled=\u00bboff\u00bb button_two_border_color__hover_enabled=\u00bboff\u00bb button_one_border_radius__hover_enabled=\u00bboff\u00bb button_two_border_radius__hover_enabled=\u00bboff\u00bb button_one_letter_spacing__hover_enabled=\u00bbon\u00bb button_one_letter_spacing__hover=\u00bb2px\u00bb button_two_letter_spacing__hover_enabled=\u00bbon\u00bb button_two_letter_spacing__hover=\u00bb2px\u00bb button_one_bg_color__hover_enabled=\u00bboff\u00bb button_two_bg_color__hover_enabled=\u00bboff\u00bb][\/et_pb_fullwidth_header][\/et_pb_section][et_pb_section fb_built=\u00bb1&#8243; _builder_version=\u00bb3.22&#8243; custom_margin=\u00bb||50px||false\u00bb custom_margin_tablet=\u00bb\u00bb custom_margin_phone=\u00bb||0px|\u00bb custom_margin_last_edited=\u00bbon|phone\u00bb custom_padding=\u00bb0px||0||false|false\u00bb global_colors_info=\u00bb{}\u00bb][et_pb_row _builder_version=\u00bb3.25&#8243; width=\u00bb100%\u00bb max_width=\u00bb100%\u00bb custom_margin=\u00bb|||\u00bb custom_padding=\u00bb0|0px||0px|false|false\u00bb use_custom_width=\u00bbon\u00bb width_unit=\u00bboff\u00bb custom_width_percent=\u00bb100%\u00bb global_colors_info=\u00bb{}\u00bb][et_pb_column type=\u00bb4_4&#8243; _builder_version=\u00bb3.25&#8243; custom_padding=\u00bb|||\u00bb global_colors_info=\u00bb{}\u00bb custom_padding__hover=\u00bb|||\u00bb][et_pb_text _builder_version=\u00bb3.27.4&#8243; text_font=\u00bbRaleway|800|||||||\u00bb text_font_size=\u00bb27vw\u00bb text_line_height=\u00bb0.8em\u00bb header_font=\u00bb||||||||\u00bb background_layout=\u00bbdark\u00bb custom_margin=\u00bb-14vw|||-2%\u00bb animation_style=\u00bbslide\u00bb animation_direction=\u00bbbottom\u00bb animation_intensity_slide=\u00bb5%\u00bb animation_starting_opacity=\u00bb100%\u00bb text_font_size_tablet=\u00bb\u00bb text_font_size_phone=\u00bb\u00bb text_font_size_last_edited=\u00bbon|tablet\u00bb global_colors_info=\u00bb{}\u00bb]<\/p>\n<p>Vican<\/p>\n<p>[\/et_pb_text][\/et_pb_column][\/et_pb_row][\/et_pb_section][et_pb_section fb_built=\u00bb1&#8243; use_custom_gutter=\u00bbon\u00bb specialty=\u00bbon\u00bb padding_top_1=\u00bb0px\u00bb admin_label=\u00bbService Section\u00bb _builder_version=\u00bb3.22&#8243; custom_padding=\u00bb0|0px|54px|0px|false|false\u00bb global_colors_info=\u00bb{}\u00bb][et_pb_column type=\u00bb1_3&#8243; _builder_version=\u00bb3.25&#8243; custom_padding=\u00bb|||\u00bb global_colors_info=\u00bb{}\u00bb custom_padding__hover=\u00bb|||\u00bb][et_pb_image src=\u00bbhttp:\/\/vican.cl\/wp-content\/uploads\/2024\/10\/catavientodescripcion.png\u00bb title_text=\u00bbcatavientodescripcion\u00bb align_tablet=\u00bbcenter\u00bb align_phone=\u00bb\u00bb align_last_edited=\u00bbon|desktop\u00bb _builder_version=\u00bb4.11.1&#8243; max_width_tablet=\u00bb300px\u00bb max_width_phone=\u00bb\u00bb max_width_last_edited=\u00bbon|tablet\u00bb custom_margin=\u00bb|||-60%\u00bb custom_margin_tablet=\u00bb|||0px\u00bb custom_margin_phone=\u00bb\u00bb custom_margin_last_edited=\u00bbon|tablet\u00bb animation_style=\u00bbslide\u00bb animation_direction=\u00bbright\u00bb animation_intensity_slide=\u00bb6%\u00bb hover_enabled=\u00bb0&#8243; global_colors_info=\u00bb{}\u00bb sticky_enabled=\u00bb0&#8243;][\/et_pb_image][\/et_pb_column][et_pb_column type=\u00bb2_3&#8243; specialty_columns=\u00bb2&#8243; _builder_version=\u00bb3.25&#8243; custom_padding=\u00bb|||\u00bb global_colors_info=\u00bb{}\u00bb custom_padding__hover=\u00bb|||\u00bb][et_pb_row_inner _builder_version=\u00bb3.25&#8243; custom_padding=\u00bb0|0px|29.6875px|0px|false|false\u00bb global_colors_info=\u00bb{}\u00bb][et_pb_column_inner saved_specialty_column_type=\u00bb2_3&#8243; _builder_version=\u00bb3.25&#8243; custom_padding=\u00bb|||\u00bb global_colors_info=\u00bb{}\u00bb custom_padding__hover=\u00bb|||\u00bb][et_pb_text _builder_version=\u00bb3.27.4&#8243; ul_font=\u00bb||||||||\u00bb ol_font=\u00bb||||||||\u00bb header_font=\u00bb||||||||\u00bb header_2_font=\u00bbRaleway|700|||||||\u00bb header_2_font_size=\u00bb56px\u00bb header_2_line_height=\u00bb1.2em\u00bb custom_margin=\u00bb||20px|\u00bb header_2_font_size_tablet=\u00bb36px\u00bb header_2_font_size_phone=\u00bb\u00bb header_2_font_size_last_edited=\u00bbon|phone\u00bb global_colors_info=\u00bb{}\u00bb]<\/p>\n<h2><span>Cataviento Plantas Industriales Vican<\/span><\/h2>\n<p>[\/et_pb_text][et_pb_divider color=\u00bb#E02B20&#8243; divider_weight=\u00bb3px\u00bb _builder_version=\u00bb4.11.1&#8243; max_width=\u00bb50px\u00bb global_colors_info=\u00bb{}\u00bb][\/et_pb_divider][\/et_pb_column_inner][\/et_pb_row_inner][et_pb_row_inner _builder_version=\u00bb4.11.1&#8243; _module_preset=\u00bbdefault\u00bb global_colors_info=\u00bb{}\u00bb][et_pb_column_inner saved_specialty_column_type=\u00bb2_3&#8243; _builder_version=\u00bb4.11.1&#8243; _module_preset=\u00bbdefault\u00bb global_colors_info=\u00bb{}\u00bb][et_pb_text _builder_version=\u00bb4.11.1&#8243; _module_preset=\u00bbdefault\u00bb hover_enabled=\u00bb0&#8243; global_colors_info=\u00bb{}\u00bb sticky_enabled=\u00bb0&#8243;]<\/p>\n<p>Desarrollado para indicar la orientaci\u00f3n del viento en plantas indistriales donde la presencia de gases es un factor de riesgo para la seguridad de las personas.<\/p>\n<p>Apoya los planes de evacuaci\u00f3n al permitir resolver \u00aben una sola mirada\u00bb la direcci\u00f3n e intensidad del viento, dando orientaci\u00f3n al escape.<\/p>\n<p>Aplicaciones: accesos de t\u00faneles, carreteras, dep\u00f3sitos y plantas qu\u00edmicas, plantas de agua, agroindustria, instalaciones portuarias, etc&#8230;<\/p>\n<p>Se adapta a las limitaciones de espacio sin perdida de visibilidad por distancia. Es libre de mantenimiento.<\/p>\n<p>[\/et_pb_text][\/et_pb_column_inner][\/et_pb_row_inner][\/et_pb_column][\/et_pb_section][et_pb_section fb_built=\u00bb1&#8243; custom_padding_last_edited=\u00bboff|desktop\u00bb admin_label=\u00bbAbout Section\u00bb _builder_version=\u00bb3.22&#8243; background_color=\u00bb#edf1f4&#8243; max_width=\u00bb96%\u00bb module_alignment=\u00bbright\u00bb custom_margin=\u00bb||100px|\u00bb custom_padding=\u00bb8vw||0px|\u00bb custom_padding_tablet=\u00bb||120px|\u00bb global_colors_info=\u00bb{}\u00bb][et_pb_row column_structure=\u00bb2_3,1_3&#8243; _builder_version=\u00bb3.25&#8243; custom_padding=\u00bb|||\u00bb animation_style=\u00bbslide\u00bb animation_direction=\u00bbright\u00bb animation_intensity_slide=\u00bb1%\u00bb locked=\u00bboff\u00bb global_colors_info=\u00bb{}\u00bb][et_pb_column type=\u00bb2_3&#8243; _builder_version=\u00bb3.25&#8243; custom_padding=\u00bb|||\u00bb global_colors_info=\u00bb{}\u00bb custom_padding__hover=\u00bb|||\u00bb][et_pb_text _builder_version=\u00bb3.27.4&#8243; text_font=\u00bb||||||||\u00bb header_font=\u00bb||||||||\u00bb header_2_font=\u00bbRaleway|700|||||||\u00bb header_2_font_size=\u00bb56px\u00bb header_2_line_height=\u00bb1.4em\u00bb custom_margin=\u00bb||20px|\u00bb header_2_font_size_tablet=\u00bb36px\u00bb header_2_font_size_phone=\u00bb\u00bb header_2_font_size_last_edited=\u00bbon|desktop\u00bb global_colors_info=\u00bb{}\u00bb]<\/p>\n<h2>Caracter\u00edsticas<\/h2>\n<p>[\/et_pb_text][et_pb_divider color=\u00bb#E02B20&#8243; divider_weight=\u00bb3px\u00bb _builder_version=\u00bb4.11.1&#8243; max_width=\u00bb50px\u00bb global_colors_info=\u00bb{}\u00bb][\/et_pb_divider][et_pb_text _builder_version=\u00bb4.11.1&#8243; text_font=\u00bbPoppins||||||||\u00bb text_font_size=\u00bb16px\u00bb text_line_height=\u00bb1.8em\u00bb hover_enabled=\u00bb0&#8243; global_colors_info=\u00bb{}\u00bb custom_padding=\u00bb||16px|||\u00bb sticky_enabled=\u00bb0&#8243;]<\/p>\n<p><strong>Bastidor Giratorio:<\/strong><\/p>\n<ul>\n<li>Construccion en acero aro 45cm que permite indicaci\u00f3n instantanea. No rompe mangas.<\/li>\n<li>Sistema de giro con doble rodamiento que mantiene una operaci\u00f3n normal entre -25c y +75c.<\/li>\n<li>Resistencia a la humedad, contaminaci\u00f3n y a las lluvias.<\/li>\n<li>Libre de mantenimiento.<\/li>\n<\/ul>\n<p><strong>M\u00e1stil:<\/strong><\/p>\n<ul>\n<li>Fabricado en tubo de acero de 50mm de diametro.<\/li>\n<li>Pintura electroest\u00e1tica en color rojo y sello al horno.<\/li>\n<li>Altura de m\u00e1stil 3.35mts<\/li>\n<li>Sin iluminaci\u00f3n.<\/li>\n<\/ul>\n<p><strong>Cono de tela &#8211; manga<\/strong><\/p>\n<ul>\n<li>Manga tela tecnica bicolor 5 franjas<\/li>\n<li>Colores Rojo\/Blanco o\u00a0 Naranja\/Amarillo Fluorecente<\/li>\n<li>Boca de entrada 45cm<\/li>\n<li>Boca de salida 22cm<\/li>\n<li>Largo 1.8cm (no pierde visilibilidad)<\/li>\n<\/ul>\n<p>&nbsp;<\/p>\n<p>&nbsp;<\/p>\n<p><span><\/span><\/p>\n<p>[\/et_pb_text][\/et_pb_column][et_pb_column type=\u00bb1_3&#8243; _builder_version=\u00bb3.25&#8243; custom_padding=\u00bb|||\u00bb global_colors_info=\u00bb{}\u00bb custom_padding__hover=\u00bb|||\u00bb][et_pb_image src=\u00bbhttp:\/\/vican.cl\/wp-content\/uploads\/2024\/10\/Cataviento-Vican-Descripcion.png\u00bb title_text=\u00bbCataviento-Vican-Descripcion\u00bb align_tablet=\u00bbcenter\u00bb align_phone=\u00bb\u00bb align_last_edited=\u00bbon|desktop\u00bb _builder_version=\u00bb4.11.1&#8243; max_width_tablet=\u00bb300px\u00bb max_width_phone=\u00bb\u00bb max_width_last_edited=\u00bbon|tablet\u00bb custom_margin=\u00bb|-40%||\u00bb custom_margin_tablet=\u00bb|0%||\u00bb custom_margin_phone=\u00bb\u00bb custom_margin_last_edited=\u00bbon|phone\u00bb animation_style=\u00bbroll\u00bb animation_delay=\u00bb50ms\u00bb animation_intensity_roll=\u00bb15%\u00bb hover_enabled=\u00bb0&#8243; global_colors_info=\u00bb{}\u00bb sticky_enabled=\u00bb0&#8243;][\/et_pb_image][\/et_pb_column][\/et_pb_row][et_pb_row _builder_version=\u00bb3.25&#8243; width=\u00bb100%\u00bb max_width=\u00bb100%\u00bb custom_margin=\u00bb5%|||\u00bb custom_padding=\u00bb0|0px||0px|false|false\u00bb use_custom_width=\u00bbon\u00bb width_unit=\u00bboff\u00bb custom_width_percent=\u00bb100%\u00bb global_colors_info=\u00bb{}\u00bb][et_pb_column type=\u00bb4_4&#8243; _builder_version=\u00bb3.25&#8243; custom_padding=\u00bb|||\u00bb global_colors_info=\u00bb{}\u00bb custom_padding__hover=\u00bb|||\u00bb][et_pb_text _builder_version=\u00bb3.27.4&#8243; text_font=\u00bbRaleway|800|||||||\u00bb text_font_size=\u00bb22vw\u00bb text_line_height=\u00bb0.8em\u00bb header_font=\u00bb||||||||\u00bb background_layout=\u00bbdark\u00bb custom_margin=\u00bb||-5.5vw|\u00bb custom_margin_tablet=\u00bb\u00bb custom_margin_phone=\u00bb||-8vw|\u00bb custom_margin_last_edited=\u00bbon|desktop\u00bb animation_style=\u00bbslide\u00bb animation_direction=\u00bbbottom\u00bb animation_intensity_slide=\u00bb10%\u00bb animation_starting_opacity=\u00bb100%\u00bb text_font_size_tablet=\u00bb\u00bb text_font_size_phone=\u00bb\u00bb text_font_size_last_edited=\u00bbon|tablet\u00bb global_colors_info=\u00bb{}\u00bb]<\/p>\n<p>FichaTec<\/p>\n<p>[\/et_pb_text][\/et_pb_column][\/et_pb_row][\/et_pb_section][et_pb_section fb_built=\u00bb1&#8243; admin_label=\u00bbFooter\u00bb _builder_version=\u00bb3.22&#8243; custom_padding=\u00bb60px||60px||true|false\u00bb saved_tabs=\u00bball\u00bb global_colors_info=\u00bb{}\u00bb][et_pb_row column_structure=\u00bb1_2,1_2&#8243; _builder_version=\u00bb3.25&#8243; global_colors_info=\u00bb{}\u00bb][et_pb_column type=\u00bb1_2&#8243; _builder_version=\u00bb3.25&#8243; custom_padding=\u00bb|||\u00bb global_colors_info=\u00bb{}\u00bb custom_padding__hover=\u00bb|||\u00bb][et_pb_image src=\u00bbhttp:\/\/vican.cl\/wp-content\/uploads\/2024\/06\/logovican.png\u00bb title_text=\u00bblogovican\u00bb _builder_version=\u00bb4.11.1&#8243; custom_margin=\u00bb||15px|\u00bb always_center_on_mobile=\u00bboff\u00bb global_colors_info=\u00bb{}\u00bb][\/et_pb_image][\/et_pb_column][et_pb_column type=\u00bb1_2&#8243; _builder_version=\u00bb3.25&#8243; custom_padding=\u00bb|||\u00bb global_colors_info=\u00bb{}\u00bb custom_padding__hover=\u00bb|||\u00bb][\/et_pb_column][\/et_pb_row][et_pb_row column_structure=\u00bb1_4,1_4,1_2&#8243; _builder_version=\u00bb3.25&#8243; global_colors_info=\u00bb{}\u00bb][et_pb_column type=\u00bb1_4&#8243; _builder_version=\u00bb3.25&#8243; custom_padding=\u00bb|||\u00bb global_colors_info=\u00bb{}\u00bb custom_padding__hover=\u00bb|||\u00bb][et_pb_text _builder_version=\u00bb3.27.4&#8243; header_font=\u00bb||||||||\u00bb header_4_font=\u00bbRaleway|700|||||||\u00bb header_4_font_size=\u00bb22px\u00bb header_4_line_height=\u00bb1.4em\u00bb custom_margin=\u00bb||10px|\u00bb global_colors_info=\u00bb{}\u00bb]<\/p>\n<h4>Ubicacion<\/h4>\n<p>[\/et_pb_text][et_pb_text _builder_version=\u00bb4.11.1&#8243; text_font=\u00bbPoppins||||||||\u00bb text_font_size=\u00bb16px\u00bb text_line_height=\u00bb1.6em\u00bb global_colors_info=\u00bb{}\u00bb]<\/p>\n<p>Antofagasta, Zona Norte de Chile<\/p>\n<p>[\/et_pb_text][\/et_pb_column][et_pb_column type=\u00bb1_4&#8243; _builder_version=\u00bb3.25&#8243; custom_padding=\u00bb|||\u00bb global_colors_info=\u00bb{}\u00bb custom_padding__hover=\u00bb|||\u00bb][et_pb_text _builder_version=\u00bb3.27.4&#8243; header_font=\u00bb||||||||\u00bb header_4_font=\u00bbRaleway|700|||||||\u00bb header_4_font_size=\u00bb22px\u00bb header_4_line_height=\u00bb1.4em\u00bb custom_margin=\u00bb||10px|\u00bb global_colors_info=\u00bb{}\u00bb]<\/p>\n<h4>Ver m\u00e1s<\/h4>\n<p>[\/et_pb_text][et_pb_text ul_type=\u00bbnone\u00bb ul_item_indent=\u00bb1px\u00bb _builder_version=\u00bb4.11.1&#8243; text_font=\u00bb||||||||\u00bb ul_font=\u00bbPoppins||||||||\u00bb ul_font_size=\u00bb16px\u00bb ul_line_height=\u00bb2em\u00bb link_option_url=\u00bbhttps:\/\/vican.cl\/\u00bb link_option_url_new_window=\u00bbon\u00bb global_colors_info=\u00bb{}\u00bb]<\/p>\n<ul>\n<li><a href=\"https:\/\/vican.cl\/\" target=\"_blank\" rel=\"noopener\" title=\"Home\">Home<\/a><\/li>\n<li><a href=\"https:\/\/vican.cl\/?page_id=397\" target=\"_blank\" rel=\"noopener\" title=\"Servicios\">Servicios<\/a><\/li>\n<li><a href=\"https:\/\/vican.cl\/?page_id=602\" target=\"_blank\" rel=\"noopener\" title=\"Industrial\">Industrial<\/a><\/li>\n<li><a href=\"https:\/\/vican.cl\/?page_id=524\" target=\"_blank\" rel=\"noopener\" title=\"Marketing\">Marketing<\/a><\/li>\n<\/ul>\n<p>[\/et_pb_text][\/et_pb_column][et_pb_column type=\u00bb1_2&#8243; _builder_version=\u00bb3.25&#8243; custom_padding=\u00bb|||\u00bb global_colors_info=\u00bb{}\u00bb custom_padding__hover=\u00bb|||\u00bb][et_pb_signup mailchimp_list=\u00bbSlavaET|42d4a98af1&#8243; first_name_field=\u00bboff\u00bb last_name_field=\u00bboff\u00bb title=\u00bbEscribenos\u00bb _builder_version=\u00bb4.11.1&#8243; header_font=\u00bbRaleway|700|||||||\u00bb header_font_size=\u00bb22px\u00bb header_line_height=\u00bb1.4em\u00bb body_font=\u00bbPoppins||||||||\u00bb body_font_size=\u00bb16px\u00bb body_line_height=\u00bb1.8em\u00bb result_message_font=\u00bb||||||||\u00bb use_background_color=\u00bboff\u00bb custom_button=\u00bbon\u00bb button_text_size=\u00bb14px\u00bb button_text_color=\u00bb#ffffff\u00bb button_bg_color=\u00bb#29cb8b\u00bb button_border_width=\u00bb12px\u00bb button_border_color=\u00bb#29cb8b\u00bb button_letter_spacing=\u00bb2px\u00bb button_font=\u00bbPoppins|600||on|||||\u00bb button_icon=\u00bb%%3%%\u00bb background_layout=\u00bblight\u00bb link_option_url=\u00bbhttps:\/\/wa.me\/message\/JBOLKOSDBHAWI1&#8243; link_option_url_new_window=\u00bbon\u00bb border_width_all_fields=\u00bb1px\u00bb border_color_all_fields=\u00bbrgba(51,51,51,0.12)\u00bb global_colors_info=\u00bb{}\u00bb button_text_size__hover_enabled=\u00bboff\u00bb button_one_text_size__hover_enabled=\u00bboff\u00bb button_two_text_size__hover_enabled=\u00bboff\u00bb button_text_color__hover_enabled=\u00bboff\u00bb button_one_text_color__hover_enabled=\u00bboff\u00bb button_two_text_color__hover_enabled=\u00bboff\u00bb button_border_width__hover_enabled=\u00bboff\u00bb button_one_border_width__hover_enabled=\u00bboff\u00bb button_two_border_width__hover_enabled=\u00bboff\u00bb button_border_color__hover_enabled=\u00bboff\u00bb button_one_border_color__hover_enabled=\u00bboff\u00bb button_two_border_color__hover_enabled=\u00bboff\u00bb button_border_radius__hover_enabled=\u00bboff\u00bb button_one_border_radius__hover_enabled=\u00bboff\u00bb button_two_border_radius__hover_enabled=\u00bboff\u00bb button_letter_spacing__hover_enabled=\u00bboff\u00bb button_one_letter_spacing__hover_enabled=\u00bboff\u00bb button_two_letter_spacing__hover_enabled=\u00bboff\u00bb button_bg_color__hover_enabled=\u00bboff\u00bb button_one_bg_color__hover_enabled=\u00bboff\u00bb button_two_bg_color__hover_enabled=\u00bboff\u00bb][\/et_pb_signup][\/et_pb_column][\/et_pb_row][\/et_pb_section]<\/p>\n","protected":false},"excerpt":{"rendered":"<p>VicanCataviento Plantas Industriales VicanDesarrollado para indicar la orientaci\u00f3n del viento en plantas indistriales donde la presencia de gases es un factor de riesgo para la seguridad de las personas. Apoya los planes de evacuaci\u00f3n al permitir resolver \u00aben una sola mirada\u00bb la direcci\u00f3n e intensidad del viento, dando orientaci\u00f3n al escape. Aplicaciones: accesos de t\u00faneles, [&hellip;]<\/p>\n","protected":false},"author":1,"featured_media":0,"parent":0,"menu_order":0,"comment_status":"closed","ping_status":"closed","template":"","meta":{"_et_pb_use_builder":"on","_et_pb_old_content":"<!-- wp:paragraph -->\n<p>Cataviento Plantas Industriales Vican<\/p>\n<!-- \/wp:paragraph -->","_et_gb_content_width":"","om_disable_all_campaigns":false,"_monsterinsights_skip_tracking":false,"_monsterinsights_sitenote_active":false,"_monsterinsights_sitenote_note":"","_monsterinsights_sitenote_category":0,"footnotes":""},"class_list":["post-1042","page","type-page","status-publish","hentry"],"_links":{"self":[{"href":"https:\/\/vican.cl\/index.php?rest_route=\/wp\/v2\/pages\/1042","targetHints":{"allow":["GET"]}}],"collection":[{"href":"https:\/\/vican.cl\/index.php?rest_route=\/wp\/v2\/pages"}],"about":[{"href":"https:\/\/vican.cl\/index.php?rest_route=\/wp\/v2\/types\/page"}],"author":[{"embeddable":true,"href":"https:\/\/vican.cl\/index.php?rest_route=\/wp\/v2\/users\/1"}],"replies":[{"embeddable":true,"href":"https:\/\/vican.cl\/index.php?rest_route=%2Fwp%2Fv2%2Fcomments&post=1042"}],"version-history":[{"count":4,"href":"https:\/\/vican.cl\/index.php?rest_route=\/wp\/v2\/pages\/1042\/revisions"}],"predecessor-version":[{"id":1050,"href":"https:\/\/vican.cl\/index.php?rest_route=\/wp\/v2\/pages\/1042\/revisions\/1050"}],"wp:attachment":[{"href":"https:\/\/vican.cl\/index.php?rest_route=%2Fwp%2Fv2%2Fmedia&parent=1042"}],"curies":[{"name":"wp","href":"https:\/\/api.w.org\/{rel}","templated":true}]}}