{"id":1059,"date":"2025-09-29T00:46:49","date_gmt":"2025-09-29T00:46:49","guid":{"rendered":"https:\/\/vican.cl\/?page_id=1059"},"modified":"2025-09-29T15:33:58","modified_gmt":"2025-09-29T15:33:58","slug":"politica-de-privacidad-vican","status":"publish","type":"page","link":"https:\/\/vican.cl\/?page_id=1059","title":{"rendered":"Pol\u00edtica de Privacidad"},"content":{"rendered":"<p>[et_pb_section fb_built=\u00bb1&#8243; fullwidth=\u00bbon\u00bb admin_label=\u00bbHero Section\u00bb _builder_version=\u00bb4.11.1&#8243; background_image=\u00bbhttp:\/\/vican.cl\/wp-content\/uploads\/2025\/09\/checklist.png\u00bb parallax=\u00bbon\u00bb custom_padding=\u00bb|||\u00bb global_colors_info=\u00bb{}\u00bb][et_pb_fullwidth_header title=\u00bbsobre nosotros\u00bb subhead=\u00bbPol\u00edtica de Privacidad\u00bb content_max_width=\u00bb900px\u00bb _builder_version=\u00bb4.11.1&#8243; title_font=\u00bbPoppins|600||on|||||\u00bb title_font_size=\u00bb18px\u00bb title_letter_spacing=\u00bb4px\u00bb title_line_height=\u00bb1.8em\u00bb content_font=\u00bb||||||||\u00bb subhead_font=\u00bbRaleway|700|||||||\u00bb subhead_font_size=\u00bb50px\u00bb subhead_line_height=\u00bb1.4em\u00bb background_color=\u00bbrgba(126,190,197,0)\u00bb use_background_color_gradient=\u00bbon\u00bb background_color_gradient_start=\u00bb#000dff\u00bb background_color_gradient_end=\u00bbrgba(0,13,255,0.7)\u00bb background_color_gradient_direction=\u00bb90deg\u00bb background_color_gradient_start_position=\u00bb25%\u00bb background_color_gradient_end_position=\u00bb75%\u00bb background_color_gradient_overlays_image=\u00bbon\u00bb custom_button_one=\u00bbon\u00bb button_one_text_size=\u00bb14px\u00bb button_one_bg_color=\u00bb#29cb8b\u00bb button_one_border_width=\u00bb12px\u00bb button_one_border_color=\u00bb#29cb8b\u00bb button_one_letter_spacing=\u00bb2px\u00bb button_one_font=\u00bbPoppins|600||on|||||\u00bb button_one_icon=\u00bb%%3%%\u00bb custom_button_two=\u00bbon\u00bb button_two_text_size=\u00bb14px\u00bb button_two_text_color=\u00bb#29cb8b\u00bb button_two_bg_color=\u00bb#ffffff\u00bb button_two_border_width=\u00bb12px\u00bb button_two_border_color=\u00bb#ffffff\u00bb button_two_letter_spacing=\u00bb2px\u00bb button_two_font=\u00bbPoppins|600||on|||||\u00bb button_two_icon=\u00bb%%3%%\u00bb custom_padding=\u00bb80px||18vw|\u00bb content_font_size_last_edited=\u00bboff|desktop\u00bb subhead_font_size_tablet=\u00bb40px\u00bb subhead_font_size_phone=\u00bb30px\u00bb subhead_font_size_last_edited=\u00bbon|desktop\u00bb button_one_letter_spacing_hover=\u00bb2px\u00bb button_two_letter_spacing_hover=\u00bb2px\u00bb global_colors_info=\u00bb{}\u00bb button_one_text_size__hover_enabled=\u00bboff\u00bb button_two_text_size__hover_enabled=\u00bboff\u00bb button_one_text_color__hover_enabled=\u00bboff\u00bb button_two_text_color__hover_enabled=\u00bboff\u00bb button_one_border_width__hover_enabled=\u00bboff\u00bb button_two_border_width__hover_enabled=\u00bboff\u00bb button_one_border_color__hover_enabled=\u00bboff\u00bb button_two_border_color__hover_enabled=\u00bboff\u00bb button_one_border_radius__hover_enabled=\u00bboff\u00bb button_two_border_radius__hover_enabled=\u00bboff\u00bb button_one_letter_spacing__hover_enabled=\u00bbon\u00bb button_one_letter_spacing__hover=\u00bb2px\u00bb button_two_letter_spacing__hover_enabled=\u00bbon\u00bb button_two_letter_spacing__hover=\u00bb2px\u00bb button_one_bg_color__hover_enabled=\u00bboff\u00bb button_two_bg_color__hover_enabled=\u00bboff\u00bb][\/et_pb_fullwidth_header][\/et_pb_section][et_pb_section fb_built=\u00bb1&#8243; _builder_version=\u00bb3.22&#8243; custom_margin=\u00bb||50px||false\u00bb custom_margin_tablet=\u00bb\u00bb custom_margin_phone=\u00bb||0px|\u00bb custom_margin_last_edited=\u00bbon|phone\u00bb custom_padding=\u00bb0px||0||false|false\u00bb global_colors_info=\u00bb{}\u00bb][et_pb_row _builder_version=\u00bb3.25&#8243; width=\u00bb100%\u00bb max_width=\u00bb100%\u00bb custom_margin=\u00bb|||\u00bb custom_padding=\u00bb27px|0px|27px|0px|false|false\u00bb use_custom_width=\u00bbon\u00bb width_unit=\u00bboff\u00bb custom_width_percent=\u00bb100%\u00bb global_colors_info=\u00bb{}\u00bb][et_pb_column type=\u00bb4_4&#8243; _builder_version=\u00bb3.25&#8243; custom_padding=\u00bb0px|||\u00bb global_colors_info=\u00bb{}\u00bb custom_padding__hover=\u00bb|||\u00bb][et_pb_text _builder_version=\u00bb3.27.4&#8243; text_font=\u00bbRaleway|800|||||||\u00bb text_font_size=\u00bb22vw\u00bb text_line_height=\u00bb0.8em\u00bb header_font=\u00bb||||||||\u00bb background_layout=\u00bbdark\u00bb custom_margin=\u00bb-15vw|||-2%\u00bb custom_margin_tablet=\u00bb-19vw|||\u00bb custom_margin_phone=\u00bb\u00bb custom_margin_last_edited=\u00bbon|tablet\u00bb animation_style=\u00bbslide\u00bb animation_direction=\u00bbbottom\u00bb animation_intensity_slide=\u00bb5%\u00bb animation_starting_opacity=\u00bb100%\u00bb text_font_size_tablet=\u00bb\u00bb text_font_size_phone=\u00bb\u00bb text_font_size_last_edited=\u00bbon|phone\u00bb global_colors_info=\u00bb{}\u00bb]<\/p>\n<p>Vican<\/p>\n<p>[\/et_pb_text][\/et_pb_column][\/et_pb_row][\/et_pb_section][et_pb_section fb_built=\u00bb1&#8243; custom_padding_last_edited=\u00bbon|desktop\u00bb admin_label=\u00bbAbout Section\u00bb _builder_version=\u00bb3.22&#8243; module_alignment=\u00bbright\u00bb custom_padding=\u00bb10px||100px||false|false\u00bb custom_padding_tablet=\u00bb||120px|\u00bb custom_padding_phone=\u00bb\u00bb global_colors_info=\u00bb{}\u00bb][et_pb_row column_structure=\u00bb3_4,1_4&#8243; _builder_version=\u00bb3.25&#8243; custom_padding=\u00bb|||\u00bb animation_style=\u00bbslide\u00bb animation_direction=\u00bbright\u00bb animation_intensity_slide=\u00bb1%\u00bb locked=\u00bboff\u00bb global_colors_info=\u00bb{}\u00bb][et_pb_column type=\u00bb3_4&#8243; _builder_version=\u00bb3.25&#8243; custom_padding=\u00bb|||\u00bb global_colors_info=\u00bb{}\u00bb custom_padding__hover=\u00bb|||\u00bb][et_pb_text _builder_version=\u00bb3.27.4&#8243; text_font=\u00bb||||||||\u00bb header_font=\u00bb||||||||\u00bb header_2_font=\u00bbRaleway|700|||||||\u00bb header_2_font_size=\u00bb56px\u00bb header_2_line_height=\u00bb1.4em\u00bb custom_margin=\u00bb||20px|\u00bb header_2_font_size_tablet=\u00bb36px\u00bb header_2_font_size_phone=\u00bb\u00bb header_2_font_size_last_edited=\u00bbon|desktop\u00bb global_colors_info=\u00bb{}\u00bb]<\/p>\n<h2>Sobre Nosotros<\/h2>\n<p>[\/et_pb_text][et_pb_divider color=\u00bb#1363FF\u00bb divider_weight=\u00bb3px\u00bb _builder_version=\u00bb4.11.1&#8243; max_width=\u00bb50px\u00bb global_colors_info=\u00bb{}\u00bb][\/et_pb_divider][et_pb_text _builder_version=\u00bb3.27.4&#8243; text_font=\u00bbPoppins||||||||\u00bb text_font_size=\u00bb16px\u00bb text_line_height=\u00bb2em\u00bb custom_padding=\u00bb20px|||||\u00bb global_colors_info=\u00bb{}\u00bb]<\/p>\n<p>En Vican valoramos y respetamos tu privacidad. Esta Pol\u00edtica de Privacidad describe c\u00f3mo recopilamos, utilizamos, almacenamos y protegemos la informaci\u00f3n personal que nos proporcionas al utilizar nuestro sitio web vican.cl y nuestras aplicaciones m\u00f3viles o de escritorio (en adelante, \u201clas Plataformas\u201d).<\/p>\n<p>&nbsp;<\/p>\n<p><strong><span style=\"color: #1363ff;\">1. Informaci\u00f3n que recopilamos<\/span><\/strong><br \/>Al interactuar con nuestras Plataformas podemos recopilar:<br \/>Datos personales: nombre, RUT, correo electr\u00f3nico, tel\u00e9fono, direcci\u00f3n u otros datos de contacto que nos entregues de manera voluntaria.<br \/>Datos de navegaci\u00f3n: direcci\u00f3n IP, tipo de dispositivo, navegador, sistema operativo, p\u00e1ginas visitadas, fecha y hora de acceso.<br \/>Datos de uso de aplicaciones: ubicaci\u00f3n (cuando sea necesario y autorizado por el usuario), credenciales de acceso, preferencias y configuraciones de usuario.<\/p>\n<p>&nbsp;<\/p>\n<p><span style=\"color: #1363ff;\"><strong>2. Finalidad del uso de datos<\/strong><\/span><br \/>La informaci\u00f3n recopilada se utilizar\u00e1 exclusivamente para:<br \/>Prestar, gestionar y mejorar nuestros servicios.<br \/>Facilitar procesos de registro, compras, reservas y gestiones internas.<br \/>Personalizar tu experiencia en el sitio o la aplicaci\u00f3n.<br \/>Mantener comunicaci\u00f3n comercial y de soporte, previa autorizaci\u00f3n del usuario.<br \/>Cumplir obligaciones legales, normativas o contractuales.<\/p>\n<p>&nbsp;<\/p>\n<p><span style=\"color: #1363ff;\"><strong>3. Compartici\u00f3n de datos<\/strong><\/span><br \/>No vendemos ni cedemos datos personales a terceros con fines comerciales.<br \/>Podremos compartir informaci\u00f3n con proveedores de servicios tecnol\u00f3gicos, log\u00edstica o soporte, siempre bajo estricta confidencialidad y \u00fanicamente para las finalidades descritas.<br \/>En caso de requerimiento legal o por orden de autoridad competente, Vican podr\u00e1 proporcionar datos conforme a la normativa vigente.<\/p>\n<p>&nbsp;<\/p>\n<p><span style=\"color: #1363ff;\"><strong>4. Seguridad de la informaci\u00f3n<\/strong><\/span><br \/>Implementamos medidas t\u00e9cnicas, administrativas y organizativas adecuadas para proteger los datos contra accesos no autorizados, p\u00e9rdida, alteraci\u00f3n o divulgaci\u00f3n indebida. Sin embargo, ning\u00fan sistema es completamente infalible, por lo que no podemos garantizar seguridad absoluta.<\/p>\n<p>&nbsp;<\/p>\n<p><span style=\"color: #1363ff;\"><strong>5. Derechos de los usuarios<\/strong><\/span><br \/>De acuerdo con la legislaci\u00f3n vigente, los usuarios podr\u00e1n:<br \/>Acceder a sus datos personales almacenados.<br \/>Solicitar la rectificaci\u00f3n, actualizaci\u00f3n o eliminaci\u00f3n de sus datos.<br \/>Revocar en cualquier momento el consentimiento otorgado para el tratamiento de informaci\u00f3n.<br \/>Las solicitudes pueden realizarse a trav\u00e9s de nuestro correo oficial: <a href=\"mailto:contacto@vican.cl\">contacto@vican.cl<\/a><\/p>\n<p>&nbsp;<\/p>\n<p><span style=\"color: #1363ff;\"><strong>6. Uso de cookies y tecnolog\u00edas similares<\/strong><\/span><br \/>Nuestro sitio web utiliza cookies y tecnolog\u00edas de rastreo para:<br \/>Mejorar la experiencia de usuario.<br \/>Analizar el tr\u00e1fico y rendimiento del sitio.<br \/>Recordar preferencias y configuraciones.<br \/>Puedes configurar tu navegador para rechazar cookies, aunque esto podr\u00eda afectar el funcionamiento de algunas funciones del sitio.<\/p>\n<p>&nbsp;<\/p>\n<p><span style=\"color: #1363ff;\"><strong>7. Aplicaciones m\u00f3viles<\/strong><\/span><br \/>En nuestras apps, adem\u00e1s de lo se\u00f1alado, podremos solicitar permisos espec\u00edficos (ubicaci\u00f3n, c\u00e1mara, micr\u00f3fono, almacenamiento, notificaciones). Estos permisos solo ser\u00e1n usados para garantizar el correcto funcionamiento de las funcionalidades asociadas y siempre bajo tu consentimiento.<\/p>\n<p>&nbsp;<\/p>\n<p><span style=\"color: #1363ff;\"><strong>8. Modificaciones a la pol\u00edtica<\/strong><\/span><br \/>Vican se reserva el derecho de actualizar esta Pol\u00edtica de Privacidad en cualquier momento. La versi\u00f3n vigente estar\u00e1 siempre disponible en vican.cl y dentro de nuestras aplicaciones.<\/p>\n<p>&nbsp;<\/p>\n<p><span style=\"color: #1363ff;\"><strong>9. Contacto<\/strong><\/span><br \/>Si tienes dudas, comentarios o deseas ejercer tus derechos relacionados con tus datos personales, escr\u00edbenos a:<br \/><a href=\"mailto:contacto@vican.cl\">contacto@vican.cl<\/a><\/p>\n<p>&nbsp;<\/p>\n<p>[\/et_pb_text][\/et_pb_column][et_pb_column type=\u00bb1_4&#8243; _builder_version=\u00bb3.25&#8243; custom_padding=\u00bb|||\u00bb global_colors_info=\u00bb{}\u00bb custom_padding__hover=\u00bb|||\u00bb][et_pb_image src=\u00bbhttp:\/\/vican.cl\/wp-content\/uploads\/2025\/09\/31a8ad0b-0f93-4100-aa9a-cef65325dc74.jpg\u00bb title_text=\u00bb31a8ad0b-0f93-4100-aa9a-cef65325dc74&#8243; align_tablet=\u00bbcenter\u00bb align_phone=\u00bb\u00bb align_last_edited=\u00bbon|desktop\u00bb _builder_version=\u00bb4.11.1&#8243; max_width_tablet=\u00bb300px\u00bb max_width_phone=\u00bb\u00bb max_width_last_edited=\u00bbon|tablet\u00bb custom_margin=\u00bb|-40%||\u00bb custom_margin_tablet=\u00bb|0%||\u00bb custom_margin_phone=\u00bb\u00bb custom_margin_last_edited=\u00bbon|phone\u00bb animation_style=\u00bbroll\u00bb animation_delay=\u00bb50ms\u00bb animation_intensity_roll=\u00bb15%\u00bb global_colors_info=\u00bb{}\u00bb][\/et_pb_image][\/et_pb_column][\/et_pb_row][\/et_pb_section][et_pb_section fb_built=\u00bb1&#8243; custom_padding_last_edited=\u00bboff|desktop\u00bb admin_label=\u00bbAbout Section\u00bb _builder_version=\u00bb3.22&#8243; background_color=\u00bb#000dff\u00bb max_width=\u00bb96%\u00bb module_alignment=\u00bbright\u00bb custom_margin=\u00bb||100px|\u00bb custom_padding=\u00bb8vw||0||false|false\u00bb custom_padding_tablet=\u00bb||120px|\u00bb global_colors_info=\u00bb{}\u00bb][et_pb_row _builder_version=\u00bb3.25&#8243; width=\u00bb100%\u00bb max_width=\u00bb100%\u00bb custom_margin=\u00bb5%|||\u00bb custom_padding=\u00bb0|0px||0px|false|false\u00bb use_custom_width=\u00bbon\u00bb width_unit=\u00bboff\u00bb custom_width_percent=\u00bb100%\u00bb global_colors_info=\u00bb{}\u00bb][et_pb_column type=\u00bb4_4&#8243; _builder_version=\u00bb3.25&#8243; custom_padding=\u00bb|||\u00bb global_colors_info=\u00bb{}\u00bb custom_padding__hover=\u00bb|||\u00bb][et_pb_text _builder_version=\u00bb3.27.4&#8243; text_font=\u00bbRaleway|800|||||||\u00bb text_font_size=\u00bb22vw\u00bb text_line_height=\u00bb0.8em\u00bb header_font=\u00bb||||||||\u00bb background_layout=\u00bbdark\u00bb custom_margin=\u00bb||-5.5vw|\u00bb custom_margin_tablet=\u00bb\u00bb custom_margin_phone=\u00bb||-8vw|\u00bb custom_margin_last_edited=\u00bbon|desktop\u00bb animation_style=\u00bbslide\u00bb animation_direction=\u00bbbottom\u00bb animation_intensity_slide=\u00bb10%\u00bb animation_starting_opacity=\u00bb100%\u00bb text_font_size_tablet=\u00bb\u00bb text_font_size_phone=\u00bb\u00bb text_font_size_last_edited=\u00bbon|tablet\u00bb global_colors_info=\u00bb{}\u00bb]<\/p>\n<p>servicios<\/p>\n<p>[\/et_pb_text][\/et_pb_column][\/et_pb_row][\/et_pb_section][et_pb_section fb_built=\u00bb1&#8243; admin_label=\u00bbFooter\u00bb _builder_version=\u00bb3.22&#8243; custom_padding=\u00bb60px||60px||true|false\u00bb saved_tabs=\u00bball\u00bb global_colors_info=\u00bb{}\u00bb][et_pb_row column_structure=\u00bb1_4,1_4,1_2&#8243; _builder_version=\u00bb3.25&#8243; global_colors_info=\u00bb{}\u00bb][et_pb_column type=\u00bb1_4&#8243; _builder_version=\u00bb3.25&#8243; custom_padding=\u00bb|||\u00bb global_colors_info=\u00bb{}\u00bb custom_padding__hover=\u00bb|||\u00bb][et_pb_text _builder_version=\u00bb3.27.4&#8243; header_font=\u00bb||||||||\u00bb header_4_font=\u00bbRaleway|700|||||||\u00bb header_4_font_size=\u00bb22px\u00bb header_4_line_height=\u00bb1.4em\u00bb custom_margin=\u00bb||10px|\u00bb global_colors_info=\u00bb{}\u00bb]<\/p>\n<h4>Ubicaci\u00f3n<\/h4>\n<p>[\/et_pb_text][et_pb_text _builder_version=\u00bb4.11.1&#8243; text_font=\u00bbPoppins||||||||\u00bb text_font_size=\u00bb16px\u00bb text_line_height=\u00bb1.6em\u00bb global_colors_info=\u00bb{}\u00bb]<\/p>\n<p><span>Antofagasta, Zona Norte de Chile<\/span><\/p>\n<p>[\/et_pb_text][\/et_pb_column][et_pb_column type=\u00bb1_4&#8243; _builder_version=\u00bb3.25&#8243; custom_padding=\u00bb|||\u00bb global_colors_info=\u00bb{}\u00bb custom_padding__hover=\u00bb|||\u00bb][et_pb_text _builder_version=\u00bb3.27.4&#8243; header_font=\u00bb||||||||\u00bb header_4_font=\u00bbRaleway|700|||||||\u00bb header_4_font_size=\u00bb22px\u00bb header_4_line_height=\u00bb1.4em\u00bb custom_margin=\u00bb||10px|\u00bb global_colors_info=\u00bb{}\u00bb]<\/p>\n<h4>Ver m\u00e1s<\/h4>\n<p>[\/et_pb_text][et_pb_text ul_type=\u00bbnone\u00bb ul_item_indent=\u00bb1px\u00bb _builder_version=\u00bb3.27.4&#8243; text_font=\u00bb||||||||\u00bb ul_font=\u00bbPoppins||||||||\u00bb ul_font_size=\u00bb16px\u00bb ul_line_height=\u00bb2em\u00bb global_colors_info=\u00bb{}\u00bb]<\/p>\n<ul>\n<li><a href=\"mailto:hello@divijobs.com\"><\/a><\/li>\n<li><a href=\"https:\/\/vican.cl\/\" target=\"_blank\" rel=\"noopener\" title=\"Home\">Home<\/a><\/li>\n<li><a href=\"https:\/\/vican.cl\/?page_id=397\" target=\"_blank\" rel=\"noopener\" title=\"Servicios\">Servicios<\/a><\/li>\n<li><a href=\"https:\/\/vican.cl\/?page_id=602\" target=\"_blank\" rel=\"noopener\" title=\"Industrial\">Industrial<\/a><\/li>\n<li><a href=\"https:\/\/vican.cl\/?page_id=524\" target=\"_blank\" rel=\"noopener\" title=\"Marketing\">Marketing<\/a><\/li>\n<\/ul>\n<p>[\/et_pb_text][\/et_pb_column][et_pb_column type=\u00bb1_2&#8243; _builder_version=\u00bb3.25&#8243; custom_padding=\u00bb|||\u00bb global_colors_info=\u00bb{}\u00bb custom_padding__hover=\u00bb|||\u00bb][et_pb_signup mailchimp_list=\u00bbSlavaET|42d4a98af1&#8243; first_name_field=\u00bboff\u00bb last_name_field=\u00bboff\u00bb title=\u00bbEscribenos\u00bb _builder_version=\u00bb3.23&#8243; header_font=\u00bbRaleway|700|||||||\u00bb header_font_size=\u00bb22px\u00bb header_line_height=\u00bb1.4em\u00bb body_font=\u00bbPoppins||||||||\u00bb body_font_size=\u00bb16px\u00bb body_line_height=\u00bb1.8em\u00bb result_message_font=\u00bb||||||||\u00bb use_background_color=\u00bboff\u00bb custom_button=\u00bbon\u00bb button_text_size=\u00bb14px\u00bb button_text_color=\u00bb#ffffff\u00bb button_bg_color=\u00bb#29cb8b\u00bb button_border_width=\u00bb12px\u00bb button_border_color=\u00bb#29cb8b\u00bb button_letter_spacing=\u00bb2px\u00bb button_font=\u00bbPoppins|600||on|||||\u00bb button_icon=\u00bb%%3%%\u00bb background_layout=\u00bblight\u00bb border_width_all_fields=\u00bb1px\u00bb border_color_all_fields=\u00bbrgba(51,51,51,0.12)\u00bb global_colors_info=\u00bb{}\u00bb button_text_size__hover_enabled=\u00bboff\u00bb button_one_text_size__hover_enabled=\u00bboff\u00bb button_two_text_size__hover_enabled=\u00bboff\u00bb button_text_color__hover_enabled=\u00bboff\u00bb button_one_text_color__hover_enabled=\u00bboff\u00bb button_two_text_color__hover_enabled=\u00bboff\u00bb button_border_width__hover_enabled=\u00bboff\u00bb button_one_border_width__hover_enabled=\u00bboff\u00bb button_two_border_width__hover_enabled=\u00bboff\u00bb button_border_color__hover_enabled=\u00bboff\u00bb button_one_border_color__hover_enabled=\u00bboff\u00bb button_two_border_color__hover_enabled=\u00bboff\u00bb button_border_radius__hover_enabled=\u00bboff\u00bb button_one_border_radius__hover_enabled=\u00bboff\u00bb button_two_border_radius__hover_enabled=\u00bboff\u00bb button_letter_spacing__hover_enabled=\u00bboff\u00bb button_one_letter_spacing__hover_enabled=\u00bboff\u00bb button_two_letter_spacing__hover_enabled=\u00bboff\u00bb button_bg_color__hover_enabled=\u00bboff\u00bb button_one_bg_color__hover_enabled=\u00bboff\u00bb button_two_bg_color__hover_enabled=\u00bboff\u00bb][\/et_pb_signup][\/et_pb_column][\/et_pb_row][\/et_pb_section]<\/p>\n","protected":false},"excerpt":{"rendered":"<p>VicanSobre NosotrosEn Vican valoramos y respetamos tu privacidad. Esta Pol\u00edtica de Privacidad describe c\u00f3mo recopilamos, utilizamos, almacenamos y protegemos la informaci\u00f3n personal que nos proporcionas al utilizar nuestro sitio web vican.cl y nuestras aplicaciones m\u00f3viles o de escritorio (en adelante, \u201clas Plataformas\u201d). &nbsp; 1. Informaci\u00f3n que recopilamosAl interactuar con nuestras Plataformas podemos recopilar:Datos personales: nombre, [&hellip;]<\/p>\n","protected":false},"author":1,"featured_media":0,"parent":0,"menu_order":0,"comment_status":"closed","ping_status":"closed","template":"","meta":{"_et_pb_use_builder":"on","_et_pb_old_content":"","_et_gb_content_width":"","om_disable_all_campaigns":false,"_monsterinsights_skip_tracking":false,"_monsterinsights_sitenote_active":false,"_monsterinsights_sitenote_note":"","_monsterinsights_sitenote_category":0,"footnotes":""},"class_list":["post-1059","page","type-page","status-publish","hentry"],"_links":{"self":[{"href":"https:\/\/vican.cl\/index.php?rest_route=\/wp\/v2\/pages\/1059","targetHints":{"allow":["GET"]}}],"collection":[{"href":"https:\/\/vican.cl\/index.php?rest_route=\/wp\/v2\/pages"}],"about":[{"href":"https:\/\/vican.cl\/index.php?rest_route=\/wp\/v2\/types\/page"}],"author":[{"embeddable":true,"href":"https:\/\/vican.cl\/index.php?rest_route=\/wp\/v2\/users\/1"}],"replies":[{"embeddable":true,"href":"https:\/\/vican.cl\/index.php?rest_route=%2Fwp%2Fv2%2Fcomments&post=1059"}],"version-history":[{"count":9,"href":"https:\/\/vican.cl\/index.php?rest_route=\/wp\/v2\/pages\/1059\/revisions"}],"predecessor-version":[{"id":1077,"href":"https:\/\/vican.cl\/index.php?rest_route=\/wp\/v2\/pages\/1059\/revisions\/1077"}],"wp:attachment":[{"href":"https:\/\/vican.cl\/index.php?rest_route=%2Fwp%2Fv2%2Fmedia&parent=1059"}],"curies":[{"name":"wp","href":"https:\/\/api.w.org\/{rel}","templated":true}]}}