{"id":712,"date":"2024-02-21T16:16:50","date_gmt":"2024-02-21T16:16:50","guid":{"rendered":"https:\/\/vican.cl\/?page_id=712"},"modified":"2024-02-28T22:04:30","modified_gmt":"2024-02-28T22:04:30","slug":"punto-de-anclaje-para-grating-930-125-4","status":"publish","type":"page","link":"https:\/\/vican.cl\/?page_id=712","title":{"rendered":"Punto de anclaje para Grating 930-125"},"content":{"rendered":"<p>[et_pb_section fb_built=\u00bb1&#8243; fullwidth=\u00bbon\u00bb admin_label=\u00bbHero Section\u00bb _builder_version=\u00bb4.11.1&#8243; background_image=\u00bbhttp:\/\/vican.cl\/wp-content\/uploads\/2024\/02\/Punto_de_anclaje_para_grating_vicanindustrialbanner.png\u00bb parallax=\u00bbon\u00bb custom_padding=\u00bb|||\u00bb global_colors_info=\u00bb{}\u00bb][et_pb_fullwidth_header title=\u00bbPunto de anclaje\u00bb subhead=\u00bbPara Grating 930-125&#8243; content_max_width=\u00bb900px\u00bb _builder_version=\u00bb4.11.1&#8243; title_font=\u00bbPoppins|600||on|||||\u00bb title_font_size=\u00bb18px\u00bb title_letter_spacing=\u00bb4px\u00bb title_line_height=\u00bb1.8em\u00bb content_font=\u00bb||||||||\u00bb subhead_font=\u00bbRaleway|700|||||||\u00bb subhead_font_size=\u00bb72px\u00bb subhead_line_height=\u00bb1.4em\u00bb background_color=\u00bbrgba(126,190,197,0)\u00bb use_background_color_gradient=\u00bbon\u00bb background_color_gradient_start=\u00bb#e52453&#8243; background_color_gradient_end=\u00bbrgba(0,13,255,0.35)\u00bb background_color_gradient_direction=\u00bb90deg\u00bb background_color_gradient_start_position=\u00bb25%\u00bb background_color_gradient_end_position=\u00bb75%\u00bb background_color_gradient_overlays_image=\u00bbon\u00bb custom_button_one=\u00bbon\u00bb button_one_text_size=\u00bb14px\u00bb button_one_bg_color=\u00bb#29cb8b\u00bb button_one_border_width=\u00bb12px\u00bb button_one_border_color=\u00bb#29cb8b\u00bb button_one_letter_spacing=\u00bb2px\u00bb button_one_font=\u00bbPoppins|600||on|||||\u00bb button_one_icon=\u00bb%%3%%\u00bb custom_button_two=\u00bbon\u00bb button_two_text_size=\u00bb14px\u00bb button_two_text_color=\u00bb#29cb8b\u00bb button_two_bg_color=\u00bb#ffffff\u00bb button_two_border_width=\u00bb12px\u00bb button_two_border_color=\u00bb#ffffff\u00bb button_two_letter_spacing=\u00bb2px\u00bb button_two_font=\u00bbPoppins|600||on|||||\u00bb button_two_icon=\u00bb%%3%%\u00bb custom_padding=\u00bb10vw||28vw|\u00bb content_font_size_last_edited=\u00bboff|desktop\u00bb subhead_font_size_tablet=\u00bb56px\u00bb subhead_font_size_phone=\u00bb36px\u00bb subhead_font_size_last_edited=\u00bbon|phone\u00bb button_one_letter_spacing_hover=\u00bb2px\u00bb button_two_letter_spacing_hover=\u00bb2px\u00bb global_colors_info=\u00bb{}\u00bb button_one_text_size__hover_enabled=\u00bboff\u00bb button_two_text_size__hover_enabled=\u00bboff\u00bb button_one_text_color__hover_enabled=\u00bboff\u00bb button_two_text_color__hover_enabled=\u00bboff\u00bb button_one_border_width__hover_enabled=\u00bboff\u00bb button_two_border_width__hover_enabled=\u00bboff\u00bb button_one_border_color__hover_enabled=\u00bboff\u00bb button_two_border_color__hover_enabled=\u00bboff\u00bb button_one_border_radius__hover_enabled=\u00bboff\u00bb button_two_border_radius__hover_enabled=\u00bboff\u00bb button_one_letter_spacing__hover_enabled=\u00bbon\u00bb button_one_letter_spacing__hover=\u00bb2px\u00bb button_two_letter_spacing__hover_enabled=\u00bbon\u00bb button_two_letter_spacing__hover=\u00bb2px\u00bb button_one_bg_color__hover_enabled=\u00bboff\u00bb button_two_bg_color__hover_enabled=\u00bboff\u00bb][\/et_pb_fullwidth_header][\/et_pb_section][et_pb_section fb_built=\u00bb1&#8243; _builder_version=\u00bb3.22&#8243; custom_margin=\u00bb||50px||false\u00bb custom_margin_tablet=\u00bb\u00bb custom_margin_phone=\u00bb||0px|\u00bb custom_margin_last_edited=\u00bbon|phone\u00bb custom_padding=\u00bb0px||0||false|false\u00bb global_colors_info=\u00bb{}\u00bb][et_pb_row _builder_version=\u00bb3.25&#8243; width=\u00bb100%\u00bb max_width=\u00bb100%\u00bb custom_margin=\u00bb|||\u00bb custom_padding=\u00bb0|0px||0px|false|false\u00bb use_custom_width=\u00bbon\u00bb width_unit=\u00bboff\u00bb custom_width_percent=\u00bb100%\u00bb global_colors_info=\u00bb{}\u00bb][et_pb_column type=\u00bb4_4&#8243; _builder_version=\u00bb3.25&#8243; custom_padding=\u00bb|||\u00bb global_colors_info=\u00bb{}\u00bb custom_padding__hover=\u00bb|||\u00bb][et_pb_text _builder_version=\u00bb3.27.4&#8243; text_font=\u00bbRaleway|800|||||||\u00bb text_font_size=\u00bb27vw\u00bb text_line_height=\u00bb0.8em\u00bb header_font=\u00bb||||||||\u00bb background_layout=\u00bbdark\u00bb custom_margin=\u00bb-14vw|||-2%\u00bb animation_style=\u00bbslide\u00bb animation_direction=\u00bbbottom\u00bb animation_intensity_slide=\u00bb5%\u00bb animation_starting_opacity=\u00bb100%\u00bb text_font_size_tablet=\u00bb\u00bb text_font_size_phone=\u00bb\u00bb text_font_size_last_edited=\u00bbon|tablet\u00bb global_colors_info=\u00bb{}\u00bb]<\/p>\n<p>VICAN<\/p>\n<p>[\/et_pb_text][\/et_pb_column][\/et_pb_row][\/et_pb_section][et_pb_section fb_built=\u00bb1&#8243; use_custom_gutter=\u00bbon\u00bb specialty=\u00bbon\u00bb padding_top_1=\u00bb0px\u00bb admin_label=\u00bbService Section\u00bb _builder_version=\u00bb3.22&#8243; custom_padding=\u00bb0|0px|54px|0px|false|false\u00bb global_colors_info=\u00bb{}\u00bb][et_pb_column type=\u00bb1_3&#8243; _builder_version=\u00bb3.25&#8243; custom_padding=\u00bb|||\u00bb global_colors_info=\u00bb{}\u00bb custom_padding__hover=\u00bb|||\u00bb][et_pb_image src=\u00bbhttp:\/\/vican.cl\/wp-content\/uploads\/2024\/02\/Punto_de_anclaje_para_grating_vicanindustrial_caracteristicasgenerales.png\u00bb title_text=\u00bbPunto_de_anclaje_para_grating_vicanindustrial_caracteristicasgenerales\u00bb align_tablet=\u00bbcenter\u00bb align_phone=\u00bb\u00bb align_last_edited=\u00bbon|desktop\u00bb _builder_version=\u00bb4.11.1&#8243; max_width_tablet=\u00bb300px\u00bb max_width_phone=\u00bb\u00bb max_width_last_edited=\u00bbon|tablet\u00bb custom_margin=\u00bb|||-60%\u00bb custom_margin_tablet=\u00bb|||0px\u00bb custom_margin_phone=\u00bb\u00bb custom_margin_last_edited=\u00bbon|tablet\u00bb animation_style=\u00bbslide\u00bb animation_direction=\u00bbright\u00bb animation_intensity_slide=\u00bb6%\u00bb global_colors_info=\u00bb{}\u00bb][\/et_pb_image][\/et_pb_column][et_pb_column type=\u00bb2_3&#8243; specialty_columns=\u00bb2&#8243; _builder_version=\u00bb3.25&#8243; custom_padding=\u00bb|||\u00bb global_colors_info=\u00bb{}\u00bb custom_padding__hover=\u00bb|||\u00bb][et_pb_row_inner _builder_version=\u00bb3.25&#8243; custom_padding=\u00bb0|0px|29.6875px|0px|false|false\u00bb global_colors_info=\u00bb{}\u00bb][et_pb_column_inner saved_specialty_column_type=\u00bb2_3&#8243; _builder_version=\u00bb3.25&#8243; custom_padding=\u00bb|||\u00bb global_colors_info=\u00bb{}\u00bb custom_padding__hover=\u00bb|||\u00bb][et_pb_text _builder_version=\u00bb4.11.1&#8243; ul_font=\u00bb||||||||\u00bb ol_font=\u00bb||||||||\u00bb header_font=\u00bb||||||||\u00bb header_2_font=\u00bbRaleway|700|||||||\u00bb header_2_font_size=\u00bb56px\u00bb header_2_line_height=\u00bb1.2em\u00bb custom_margin=\u00bb||20px|\u00bb animation_style=\u00bbslide\u00bb header_2_font_size_tablet=\u00bb36px\u00bb header_2_font_size_phone=\u00bb\u00bb header_2_font_size_last_edited=\u00bbon|phone\u00bb global_colors_info=\u00bb{}\u00bb]<\/p>\n<h2>Punto de Anclaje para Grating 930 &#8211; 125<\/h2>\n<p>[\/et_pb_text][et_pb_divider color=\u00bb#E02B20&#8243; divider_weight=\u00bb3px\u00bb _builder_version=\u00bb4.11.1&#8243; max_width=\u00bb50px\u00bb global_colors_info=\u00bb{}\u00bb][\/et_pb_divider][\/et_pb_column_inner][\/et_pb_row_inner][et_pb_row_inner _builder_version=\u00bb4.11.1&#8243; _module_preset=\u00bbdefault\u00bb global_colors_info=\u00bb{}\u00bb][et_pb_column_inner saved_specialty_column_type=\u00bb2_3&#8243; _builder_version=\u00bb4.11.1&#8243; _module_preset=\u00bbdefault\u00bb global_colors_info=\u00bb{}\u00bb][et_pb_text _builder_version=\u00bb4.11.1&#8243; _module_preset=\u00bbdefault\u00bb animation_style=\u00bbslide\u00bb global_colors_info=\u00bb{}\u00bb]<\/p>\n<p><strong>Caracter\u00edsticas<\/strong><\/p>\n<p>El Punto de Anclaje para Grating 930 &#8211; 125 es sencillo, ligero y f\u00e1cil de instalar en una variedad de pasarelas, plataformas y superficies horizontales con un m\u00edn.<\/p>\n<p>Tama\u00f1o de rejilla de 30 mm x 30 mm.<\/p>\n<p>Puede ser utilizado como anclaje para restricci\u00f3n o detenci\u00f3n de ca\u00eddas.<\/p>\n<p>Cubierta de protecci\u00f3n de f\u00e1cil y r\u00e1pida instalaci\u00f3n.<\/p>\n<p>Disponible en 3 medidas de eslingas de anclajes diferentes (250 mm \/ 500 mm \/ 750 mm).<\/p>\n<p>Incluye un cable de 8,5 m de longitud para facilitar la instalaci\u00f3n del dispositivo de detenci\u00f3n de ca\u00eddas.<\/p>\n<p>[\/et_pb_text][\/et_pb_column_inner][\/et_pb_row_inner][\/et_pb_column][\/et_pb_section][et_pb_section fb_built=\u00bb1&#8243; custom_padding_last_edited=\u00bboff|desktop\u00bb admin_label=\u00bbAbout Section\u00bb _builder_version=\u00bb4.11.1&#8243; background_color=\u00bb#FFFFFF\u00bb max_width=\u00bb96%\u00bb module_alignment=\u00bbright\u00bb custom_margin=\u00bb||100px|\u00bb custom_padding=\u00bb8vw||0px|\u00bb custom_padding_tablet=\u00bb||120px|\u00bb global_colors_info=\u00bb{}\u00bb][et_pb_row column_structure=\u00bb2_3,1_3&#8243; _builder_version=\u00bb4.11.1&#8243; custom_padding=\u00bb|||\u00bb animation_style=\u00bbslide\u00bb animation_direction=\u00bbright\u00bb animation_intensity_slide=\u00bb1%\u00bb locked=\u00bboff\u00bb global_colors_info=\u00bb{}\u00bb][et_pb_column type=\u00bb2_3&#8243; _builder_version=\u00bb3.25&#8243; custom_padding=\u00bb|||\u00bb global_colors_info=\u00bb{}\u00bb custom_padding__hover=\u00bb|||\u00bb][et_pb_text _builder_version=\u00bb4.11.1&#8243; text_font=\u00bb||||||||\u00bb header_font=\u00bb||||||||\u00bb header_2_font=\u00bbRaleway|700|||||||\u00bb header_2_font_size=\u00bb56px\u00bb header_2_line_height=\u00bb1.4em\u00bb custom_margin=\u00bb||20px|\u00bb animation_style=\u00bbslide\u00bb header_2_font_size_tablet=\u00bb36px\u00bb header_2_font_size_phone=\u00bb\u00bb header_2_font_size_last_edited=\u00bbon|desktop\u00bb global_colors_info=\u00bb{}\u00bb]<\/p>\n<h2>MODO DE USO<\/h2>\n<p>[\/et_pb_text][et_pb_divider color=\u00bb#E02B20&#8243; divider_weight=\u00bb3px\u00bb _builder_version=\u00bb4.11.1&#8243; max_width=\u00bb50px\u00bb global_colors_info=\u00bb{}\u00bb][\/et_pb_divider][et_pb_text _builder_version=\u00bb4.11.1&#8243; text_font=\u00bbPoppins||||||||\u00bb text_font_size=\u00bb16px\u00bb text_line_height=\u00bb1.8em\u00bb animation_style=\u00bbslide\u00bb global_colors_info=\u00bb{}\u00bb]<\/p>\n<p><strong>COMPONENTES<\/strong><\/p>\n<p>Protecci\u00f3n : Pol\u00edmero con disco de aluminio reforzado<\/p>\n<p>Eslinga de Anclaje : Acero de 4,8mm<\/p>\n<p>&nbsp;<\/p>\n<p><strong>PESO<\/strong><\/p>\n<p>930-125(250) : 2.31kgs. \u00b1 0.020 kgs<\/p>\n<p>930-125(500) : 2.53 kgs. \u00b1 0.020 kgs<\/p>\n<p>930-125(750) : 2.58 kgs. \u00b1 0.020 kgs.<\/p>\n<p>&nbsp;<\/p>\n<p>&nbsp;<\/p>\n<p>[\/et_pb_text][\/et_pb_column][et_pb_column type=\u00bb1_3&#8243; _builder_version=\u00bb3.25&#8243; custom_padding=\u00bb|||\u00bb global_colors_info=\u00bb{}\u00bb custom_padding__hover=\u00bb|||\u00bb][et_pb_image src=\u00bbhttp:\/\/vican.cl\/wp-content\/uploads\/2024\/02\/Punto_de_anclaje_para_grating_vicanindustrial_componentes.png\u00bb title_text=\u00bbPunto_de_anclaje_para_grating_vicanindustrial_componentes\u00bb align_tablet=\u00bbcenter\u00bb align_phone=\u00bb\u00bb align_last_edited=\u00bbon|desktop\u00bb _builder_version=\u00bb4.11.1&#8243; max_width_tablet=\u00bb300px\u00bb max_width_phone=\u00bb\u00bb max_width_last_edited=\u00bbon|tablet\u00bb custom_margin=\u00bb|-40%||\u00bb custom_margin_tablet=\u00bb|0%||\u00bb custom_margin_phone=\u00bb\u00bb custom_margin_last_edited=\u00bbon|phone\u00bb animation_style=\u00bbslide\u00bb animation_delay=\u00bb50ms\u00bb global_colors_info=\u00bb{}\u00bb][\/et_pb_image][\/et_pb_column][\/et_pb_row][et_pb_row _builder_version=\u00bb3.25&#8243; width=\u00bb100%\u00bb max_width=\u00bb100%\u00bb custom_margin=\u00bb5%|||\u00bb custom_padding=\u00bb0|0px||0px|false|false\u00bb use_custom_width=\u00bbon\u00bb width_unit=\u00bboff\u00bb custom_width_percent=\u00bb100%\u00bb global_colors_info=\u00bb{}\u00bb][et_pb_column type=\u00bb4_4&#8243; _builder_version=\u00bb3.25&#8243; custom_padding=\u00bb|||\u00bb global_colors_info=\u00bb{}\u00bb custom_padding__hover=\u00bb|||\u00bb][et_pb_text _builder_version=\u00bb4.11.1&#8243; text_font=\u00bbRaleway|800|||||||\u00bb text_font_size=\u00bb22vw\u00bb text_line_height=\u00bb0.8em\u00bb header_font=\u00bb||||||||\u00bb background_layout=\u00bbdark\u00bb custom_margin=\u00bb||-5.5vw|\u00bb custom_margin_tablet=\u00bb\u00bb custom_margin_phone=\u00bb||-8vw|\u00bb custom_margin_last_edited=\u00bbon|desktop\u00bb animation_style=\u00bbslide\u00bb animation_direction=\u00bbbottom\u00bb animation_intensity_slide=\u00bb10%\u00bb animation_starting_opacity=\u00bb100%\u00bb text_font_size_tablet=\u00bb\u00bb text_font_size_phone=\u00bb\u00bb text_font_size_last_edited=\u00bbon|tablet\u00bb global_colors_info=\u00bb{}\u00bb]<\/p>\n<p><span style=\"color: #808080;\">Fichatec<\/span><\/p>\n<p>[\/et_pb_text][\/et_pb_column][\/et_pb_row][\/et_pb_section]<\/p>\n","protected":false},"excerpt":{"rendered":"<p>VICANPunto de Anclaje para Grating 930 &#8211; 125Caracter\u00edsticas El Punto de Anclaje para Grating 930 &#8211; 125 es sencillo, ligero y f\u00e1cil de instalar en una variedad de pasarelas, plataformas y superficies horizontales con un m\u00edn. Tama\u00f1o de rejilla de 30 mm x 30 mm. Puede ser utilizado como anclaje para restricci\u00f3n o detenci\u00f3n de [&hellip;]<\/p>\n","protected":false},"author":2,"featured_media":0,"parent":0,"menu_order":0,"comment_status":"closed","ping_status":"closed","template":"","meta":{"_et_pb_use_builder":"on","_et_pb_old_content":"<!-- wp:paragraph -->\n<p>Conoce el Punto de anclaje para Grating 930-125<\/p>\n<!-- \/wp:paragraph -->","_et_gb_content_width":"","om_disable_all_campaigns":false,"_monsterinsights_skip_tracking":false,"_monsterinsights_sitenote_active":false,"_monsterinsights_sitenote_note":"","_monsterinsights_sitenote_category":0,"footnotes":""},"class_list":["post-712","page","type-page","status-publish","hentry"],"_links":{"self":[{"href":"https:\/\/vican.cl\/index.php?rest_route=\/wp\/v2\/pages\/712","targetHints":{"allow":["GET"]}}],"collection":[{"href":"https:\/\/vican.cl\/index.php?rest_route=\/wp\/v2\/pages"}],"about":[{"href":"https:\/\/vican.cl\/index.php?rest_route=\/wp\/v2\/types\/page"}],"author":[{"embeddable":true,"href":"https:\/\/vican.cl\/index.php?rest_route=\/wp\/v2\/users\/2"}],"replies":[{"embeddable":true,"href":"https:\/\/vican.cl\/index.php?rest_route=%2Fwp%2Fv2%2Fcomments&post=712"}],"version-history":[{"count":6,"href":"https:\/\/vican.cl\/index.php?rest_route=\/wp\/v2\/pages\/712\/revisions"}],"predecessor-version":[{"id":809,"href":"https:\/\/vican.cl\/index.php?rest_route=\/wp\/v2\/pages\/712\/revisions\/809"}],"wp:attachment":[{"href":"https:\/\/vican.cl\/index.php?rest_route=%2Fwp%2Fv2%2Fmedia&parent=712"}],"curies":[{"name":"wp","href":"https:\/\/api.w.org\/{rel}","templated":true}]}}