{"id":772,"date":"2024-02-22T14:52:31","date_gmt":"2024-02-22T14:52:31","guid":{"rendered":"https:\/\/vican.cl\/?page_id=772"},"modified":"2024-02-26T00:58:00","modified_gmt":"2024-02-26T00:58:00","slug":"linea-de-refrigeracion-termica","status":"publish","type":"page","link":"https:\/\/vican.cl\/?page_id=772","title":{"rendered":"Linea de refrigeraci\u00f3n t\u00e9rmica Vican"},"content":{"rendered":"<p>[et_pb_section fb_built=\u00bb1&#8243; fullwidth=\u00bbon\u00bb admin_label=\u00bbHero Section\u00bb _builder_version=\u00bb4.11.1&#8243; background_image=\u00bbhttp:\/\/vican.cl\/wp-content\/uploads\/2024\/02\/Linea_proteccion_termina_vican.png\u00bb parallax=\u00bbon\u00bb custom_padding=\u00bb|||\u00bb global_colors_info=\u00bb{}\u00bb][et_pb_fullwidth_header title=\u00bblinea de Refrigeraci\u00f3n\u00bb subhead=\u00bbT\u00e9rmica Vican\u00bb content_max_width=\u00bb900px\u00bb _builder_version=\u00bb4.11.1&#8243; title_font=\u00bbPoppins|600||on|||||\u00bb title_font_size=\u00bb18px\u00bb title_letter_spacing=\u00bb4px\u00bb title_line_height=\u00bb1.8em\u00bb content_font=\u00bb||||||||\u00bb subhead_font=\u00bbRaleway|700|||||||\u00bb subhead_font_size=\u00bb72px\u00bb subhead_line_height=\u00bb1.4em\u00bb background_color=\u00bbrgba(126,190,197,0)\u00bb use_background_color_gradient=\u00bbon\u00bb background_color_gradient_start=\u00bb#e52453&#8243; background_color_gradient_end=\u00bbrgba(0,13,255,0.35)\u00bb background_color_gradient_direction=\u00bb90deg\u00bb background_color_gradient_start_position=\u00bb25%\u00bb background_color_gradient_end_position=\u00bb75%\u00bb background_color_gradient_overlays_image=\u00bbon\u00bb custom_button_one=\u00bbon\u00bb button_one_text_size=\u00bb14px\u00bb button_one_bg_color=\u00bb#29cb8b\u00bb button_one_border_width=\u00bb12px\u00bb button_one_border_color=\u00bb#29cb8b\u00bb button_one_letter_spacing=\u00bb2px\u00bb button_one_font=\u00bbPoppins|600||on|||||\u00bb button_one_icon=\u00bb%%3%%\u00bb custom_button_two=\u00bbon\u00bb button_two_text_size=\u00bb14px\u00bb button_two_text_color=\u00bb#29cb8b\u00bb button_two_bg_color=\u00bb#ffffff\u00bb button_two_border_width=\u00bb12px\u00bb button_two_border_color=\u00bb#ffffff\u00bb button_two_letter_spacing=\u00bb2px\u00bb button_two_font=\u00bbPoppins|600||on|||||\u00bb button_two_icon=\u00bb%%3%%\u00bb custom_padding=\u00bb10vw||28vw|\u00bb content_font_size_last_edited=\u00bboff|desktop\u00bb subhead_font_size_tablet=\u00bb56px\u00bb subhead_font_size_phone=\u00bb36px\u00bb subhead_font_size_last_edited=\u00bbon|phone\u00bb button_one_letter_spacing_hover=\u00bb2px\u00bb button_two_letter_spacing_hover=\u00bb2px\u00bb global_colors_info=\u00bb{}\u00bb button_one_text_size__hover_enabled=\u00bboff\u00bb button_two_text_size__hover_enabled=\u00bboff\u00bb button_one_text_color__hover_enabled=\u00bboff\u00bb button_two_text_color__hover_enabled=\u00bboff\u00bb button_one_border_width__hover_enabled=\u00bboff\u00bb button_two_border_width__hover_enabled=\u00bboff\u00bb button_one_border_color__hover_enabled=\u00bboff\u00bb button_two_border_color__hover_enabled=\u00bboff\u00bb button_one_border_radius__hover_enabled=\u00bboff\u00bb button_two_border_radius__hover_enabled=\u00bboff\u00bb button_one_letter_spacing__hover_enabled=\u00bbon\u00bb button_one_letter_spacing__hover=\u00bb2px\u00bb button_two_letter_spacing__hover_enabled=\u00bbon\u00bb button_two_letter_spacing__hover=\u00bb2px\u00bb button_one_bg_color__hover_enabled=\u00bboff\u00bb button_two_bg_color__hover_enabled=\u00bboff\u00bb][\/et_pb_fullwidth_header][\/et_pb_section][et_pb_section fb_built=\u00bb1&#8243; _builder_version=\u00bb3.22&#8243; custom_margin=\u00bb||50px||false\u00bb custom_margin_tablet=\u00bb\u00bb custom_margin_phone=\u00bb||0px|\u00bb custom_margin_last_edited=\u00bbon|phone\u00bb custom_padding=\u00bb0px||0||false|false\u00bb global_colors_info=\u00bb{}\u00bb][et_pb_row _builder_version=\u00bb3.25&#8243; width=\u00bb100%\u00bb max_width=\u00bb100%\u00bb custom_margin=\u00bb|||\u00bb custom_padding=\u00bb0|0px||0px|false|false\u00bb use_custom_width=\u00bbon\u00bb width_unit=\u00bboff\u00bb custom_width_percent=\u00bb100%\u00bb global_colors_info=\u00bb{}\u00bb][et_pb_column type=\u00bb4_4&#8243; _builder_version=\u00bb3.25&#8243; custom_padding=\u00bb|||\u00bb global_colors_info=\u00bb{}\u00bb custom_padding__hover=\u00bb|||\u00bb][et_pb_text _builder_version=\u00bb3.27.4&#8243; text_font=\u00bbRaleway|800|||||||\u00bb text_font_size=\u00bb27vw\u00bb text_line_height=\u00bb0.8em\u00bb header_font=\u00bb||||||||\u00bb background_layout=\u00bbdark\u00bb custom_margin=\u00bb-14vw|||-2%\u00bb animation_style=\u00bbslide\u00bb animation_direction=\u00bbbottom\u00bb animation_intensity_slide=\u00bb5%\u00bb animation_starting_opacity=\u00bb100%\u00bb text_font_size_tablet=\u00bb\u00bb text_font_size_phone=\u00bb\u00bb text_font_size_last_edited=\u00bbon|tablet\u00bb global_colors_info=\u00bb{}\u00bb]<\/p>\n<p>Vican<\/p>\n<p>[\/et_pb_text][\/et_pb_column][\/et_pb_row][\/et_pb_section][et_pb_section fb_built=\u00bb1&#8243; use_custom_gutter=\u00bbon\u00bb specialty=\u00bbon\u00bb padding_top_1=\u00bb0px\u00bb admin_label=\u00bbService Section\u00bb _builder_version=\u00bb3.22&#8243; custom_padding=\u00bb0|0px|54px|0px|false|false\u00bb global_colors_info=\u00bb{}\u00bb][et_pb_column type=\u00bb1_3&#8243; _builder_version=\u00bb3.25&#8243; custom_padding=\u00bb|||\u00bb global_colors_info=\u00bb{}\u00bb custom_padding__hover=\u00bb|||\u00bb][et_pb_image src=\u00bbhttp:\/\/vican.cl\/wp-content\/uploads\/2024\/02\/proteccion_termica_vican.png\u00bb title_text=\u00bbproteccion_termica_vican\u00bb align_tablet=\u00bbcenter\u00bb align_phone=\u00bb\u00bb align_last_edited=\u00bbon|desktop\u00bb _builder_version=\u00bb4.11.1&#8243; max_width_tablet=\u00bb300px\u00bb max_width_phone=\u00bb\u00bb max_width_last_edited=\u00bbon|tablet\u00bb custom_margin=\u00bb|||-60%\u00bb custom_margin_tablet=\u00bb|||0px\u00bb custom_margin_phone=\u00bb\u00bb custom_margin_last_edited=\u00bbon|tablet\u00bb animation_style=\u00bbslide\u00bb animation_direction=\u00bbright\u00bb animation_intensity_slide=\u00bb6%\u00bb global_colors_info=\u00bb{}\u00bb][\/et_pb_image][\/et_pb_column][et_pb_column type=\u00bb2_3&#8243; specialty_columns=\u00bb2&#8243; _builder_version=\u00bb3.25&#8243; custom_padding=\u00bb|||\u00bb global_colors_info=\u00bb{}\u00bb custom_padding__hover=\u00bb|||\u00bb][et_pb_row_inner _builder_version=\u00bb3.25&#8243; custom_padding=\u00bb0|0px|29.6875px|0px|false|false\u00bb global_colors_info=\u00bb{}\u00bb][et_pb_column_inner saved_specialty_column_type=\u00bb2_3&#8243; _builder_version=\u00bb3.25&#8243; custom_padding=\u00bb|||\u00bb global_colors_info=\u00bb{}\u00bb custom_padding__hover=\u00bb|||\u00bb][et_pb_text _builder_version=\u00bb4.11.1&#8243; ul_font=\u00bb||||||||\u00bb ol_font=\u00bb||||||||\u00bb header_font=\u00bb||||||||\u00bb header_2_font=\u00bbRaleway|700|||||||\u00bb header_2_font_size=\u00bb56px\u00bb header_2_line_height=\u00bb1.2em\u00bb custom_margin=\u00bb||20px|\u00bb animation_style=\u00bbslide\u00bb header_2_font_size_tablet=\u00bb36px\u00bb header_2_font_size_phone=\u00bb\u00bb header_2_font_size_last_edited=\u00bbon|phone\u00bb global_colors_info=\u00bb{}\u00bb]<\/p>\n<h2>Linea de Refrigeraci\u00f3n t\u00e9rmica Vican<\/h2>\n<p>[\/et_pb_text][et_pb_divider color=\u00bb#E02B20&#8243; divider_weight=\u00bb3px\u00bb _builder_version=\u00bb4.11.1&#8243; max_width=\u00bb50px\u00bb animation_style=\u00bbslide\u00bb global_colors_info=\u00bb{}\u00bb][\/et_pb_divider][\/et_pb_column_inner][\/et_pb_row_inner][et_pb_row_inner _builder_version=\u00bb4.11.1&#8243; _module_preset=\u00bbdefault\u00bb global_colors_info=\u00bb{}\u00bb][et_pb_column_inner saved_specialty_column_type=\u00bb2_3&#8243; _builder_version=\u00bb4.11.1&#8243; _module_preset=\u00bbdefault\u00bb global_colors_info=\u00bb{}\u00bb][et_pb_text _builder_version=\u00bb4.11.1&#8243; _module_preset=\u00bbdefault\u00bb animation_style=\u00bbslide\u00bb global_colors_info=\u00bb{}\u00bb]<\/p>\n<p>El calor disminuye un 12% la productividad, usando nuestras prendas de refrigeraci\u00f3n activa, podemos tener un efecto de aire acondicionado de forma r\u00e1pida y sencilla, llegando a un rango de temperatura m\u00e1s positiva para el rendimiento.<\/p>\n<p><b><i>\u00abEstudios indican que una buena temperatura corporal mejora el ambiente laboral y la productividad\u00bb<\/i><\/b><\/p>\n<p>[\/et_pb_text][\/et_pb_column_inner][\/et_pb_row_inner][\/et_pb_column][\/et_pb_section][et_pb_section fb_built=\u00bb1&#8243; custom_padding_last_edited=\u00bboff|desktop\u00bb admin_label=\u00bbAbout Section\u00bb _builder_version=\u00bb3.22&#8243; background_color=\u00bb#edf1f4&#8243; max_width=\u00bb96%\u00bb module_alignment=\u00bbright\u00bb custom_margin=\u00bb||100px|\u00bb custom_padding=\u00bb8vw||0px|\u00bb custom_padding_tablet=\u00bb||120px|\u00bb global_colors_info=\u00bb{}\u00bb][et_pb_row column_structure=\u00bb2_3,1_3&#8243; _builder_version=\u00bb3.25&#8243; custom_padding=\u00bb|||\u00bb animation_style=\u00bbslide\u00bb animation_direction=\u00bbright\u00bb animation_intensity_slide=\u00bb1%\u00bb locked=\u00bboff\u00bb global_colors_info=\u00bb{}\u00bb][et_pb_column type=\u00bb2_3&#8243; _builder_version=\u00bb3.25&#8243; custom_padding=\u00bb|||\u00bb global_colors_info=\u00bb{}\u00bb custom_padding__hover=\u00bb|||\u00bb][et_pb_text _builder_version=\u00bb4.11.1&#8243; text_font=\u00bb||||||||\u00bb header_font=\u00bb||||||||\u00bb header_2_font=\u00bbRaleway|700|||||||\u00bb header_2_font_size=\u00bb56px\u00bb header_2_line_height=\u00bb1.4em\u00bb custom_margin=\u00bb||20px|\u00bb animation_style=\u00bbslide\u00bb header_2_font_size_tablet=\u00bb36px\u00bb header_2_font_size_phone=\u00bb\u00bb header_2_font_size_last_edited=\u00bbon|desktop\u00bb global_colors_info=\u00bb{}\u00bb]<\/p>\n<h2>Evita el estr\u00e9s t\u00e9rmico<\/h2>\n<p>[\/et_pb_text][et_pb_divider color=\u00bb#E02B20&#8243; divider_weight=\u00bb3px\u00bb _builder_version=\u00bb4.11.1&#8243; max_width=\u00bb50px\u00bb global_colors_info=\u00bb{}\u00bb][\/et_pb_divider][et_pb_text _builder_version=\u00bb4.11.1&#8243; text_font=\u00bbPoppins||||||||\u00bb text_font_size=\u00bb16px\u00bb text_line_height=\u00bb1.8em\u00bb animation_style=\u00bbslide\u00bb global_colors_info=\u00bb{}\u00bb]<\/p>\n<p><b>Evita el estr\u00e9s t\u00e9rmico por calor:<\/b><\/p>\n<p>El estr\u00e9s t\u00e9rmico es la carga de calor que las personas reciben y acumulan en su cuerpo, es el resultado de la interacci\u00f3n entre las condiciones ambientales (temperatura y humedad), la actividad f\u00edsica que realizan y la ropa que llevan (he ah\u00ed la importaci\u00f3n de una buena selecci\u00f3n de equipos).<\/p>\n<p>El riesgo de sufrir alteraciones en la salud para una persona expuesta a un ambiente caluroso depende de la producci\u00f3n de calor de su organismo como resultado de la actividad f\u00edsica y de las caracter\u00edsticas del ambiente que lo rodea.<\/p>\n<p>[\/et_pb_text][\/et_pb_column][et_pb_column type=\u00bb1_3&#8243; _builder_version=\u00bb3.25&#8243; custom_padding=\u00bb|||\u00bb global_colors_info=\u00bb{}\u00bb custom_padding__hover=\u00bb|||\u00bb][et_pb_image src=\u00bbhttp:\/\/vican.cl\/wp-content\/uploads\/2024\/02\/proteccion_termica_vican00.png\u00bb title_text=\u00bbproteccion_termica_vican00&#8243; align_tablet=\u00bbcenter\u00bb align_phone=\u00bb\u00bb align_last_edited=\u00bbon|desktop\u00bb _builder_version=\u00bb4.11.1&#8243; max_width_tablet=\u00bb300px\u00bb max_width_phone=\u00bb\u00bb max_width_last_edited=\u00bbon|tablet\u00bb custom_margin=\u00bb|-40%||\u00bb custom_margin_tablet=\u00bb|0%||\u00bb custom_margin_phone=\u00bb\u00bb custom_margin_last_edited=\u00bbon|phone\u00bb animation_style=\u00bbslide\u00bb animation_delay=\u00bb50ms\u00bb global_colors_info=\u00bb{}\u00bb][\/et_pb_image][\/et_pb_column][\/et_pb_row][et_pb_row _builder_version=\u00bb3.25&#8243; width=\u00bb100%\u00bb max_width=\u00bb100%\u00bb custom_margin=\u00bb5%|||\u00bb custom_padding=\u00bb0|0px||0px|false|false\u00bb use_custom_width=\u00bbon\u00bb width_unit=\u00bboff\u00bb custom_width_percent=\u00bb100%\u00bb global_colors_info=\u00bb{}\u00bb][et_pb_column type=\u00bb4_4&#8243; _builder_version=\u00bb3.25&#8243; custom_padding=\u00bb|||\u00bb global_colors_info=\u00bb{}\u00bb custom_padding__hover=\u00bb|||\u00bb][et_pb_text _builder_version=\u00bb3.27.4&#8243; text_font=\u00bbRaleway|800|||||||\u00bb text_font_size=\u00bb22vw\u00bb text_line_height=\u00bb0.8em\u00bb header_font=\u00bb||||||||\u00bb background_layout=\u00bbdark\u00bb custom_margin=\u00bb||-5.5vw|\u00bb custom_margin_tablet=\u00bb\u00bb custom_margin_phone=\u00bb||-8vw|\u00bb custom_margin_last_edited=\u00bbon|desktop\u00bb animation_style=\u00bbslide\u00bb animation_direction=\u00bbbottom\u00bb animation_intensity_slide=\u00bb10%\u00bb animation_starting_opacity=\u00bb100%\u00bb text_font_size_tablet=\u00bb\u00bb text_font_size_phone=\u00bb\u00bb text_font_size_last_edited=\u00bbon|tablet\u00bb global_colors_info=\u00bb{}\u00bb]<\/p>\n<p>Fichatec<\/p>\n<p>[\/et_pb_text][\/et_pb_column][\/et_pb_row][\/et_pb_section][et_pb_section fb_built=\u00bb1&#8243; _builder_version=\u00bb3.22&#8243; custom_padding=\u00bb0|0px|0px|0px|false|false\u00bb global_colors_info=\u00bb{}\u00bb][et_pb_row column_structure=\u00bb1_2,1_2&#8243; _builder_version=\u00bb3.25&#8243; custom_padding=\u00bb0|0px|0px|0px|false|false\u00bb global_colors_info=\u00bb{}\u00bb][et_pb_column type=\u00bb1_2&#8243; _builder_version=\u00bb3.25&#8243; custom_padding=\u00bb|||\u00bb global_colors_info=\u00bb{}\u00bb custom_padding__hover=\u00bb|||\u00bb][et_pb_image src=\u00bbhttp:\/\/vican.cl\/wp-content\/uploads\/2024\/02\/proteccion_termica_vican01.png\u00bb title_text=\u00bbproteccion_termica_vican01&#8243; show_bottom_space=\u00bboff\u00bb align_tablet=\u00bbcenter\u00bb align_phone=\u00bb\u00bb align_last_edited=\u00bbon|desktop\u00bb _builder_version=\u00bb4.11.1&#8243; max_width_tablet=\u00bb300px\u00bb max_width_phone=\u00bb\u00bb max_width_last_edited=\u00bbon|tablet\u00bb custom_margin=\u00bb80px|||-20%\u00bb custom_margin_tablet=\u00bb0px|||0px\u00bb custom_margin_phone=\u00bb\u00bb custom_margin_last_edited=\u00bbon|desktop\u00bb animation_style=\u00bbslide\u00bb animation_direction=\u00bbleft\u00bb animation_intensity_slide=\u00bb6%\u00bb locked=\u00bboff\u00bb global_colors_info=\u00bb{}\u00bb][\/et_pb_image][\/et_pb_column][et_pb_column type=\u00bb1_2&#8243; _builder_version=\u00bb3.25&#8243; custom_padding=\u00bb||40px|\u00bb global_colors_info=\u00bb{}\u00bb custom_padding__hover=\u00bb|||\u00bb][et_pb_text _builder_version=\u00bb4.11.1&#8243; header_font=\u00bb||||||||\u00bb header_2_font=\u00bbRaleway|700|||||||\u00bb header_2_font_size=\u00bb56px\u00bb header_2_line_height=\u00bb1.2em\u00bb custom_margin=\u00bb||20px|\u00bb animation_style=\u00bbslide\u00bb header_2_font_size_tablet=\u00bb36px\u00bb header_2_font_size_phone=\u00bb\u00bb header_2_font_size_last_edited=\u00bbon|desktop\u00bb global_colors_info=\u00bb{}\u00bb]<\/p>\n<h2>Por qu\u00e9 preferir nuestro producto<\/h2>\n<p>[\/et_pb_text][et_pb_divider color=\u00bb#E02B20&#8243; divider_weight=\u00bb3px\u00bb _builder_version=\u00bb4.11.1&#8243; max_width=\u00bb50px\u00bb global_colors_info=\u00bb{}\u00bb][\/et_pb_divider][et_pb_text _builder_version=\u00bb4.11.1&#8243; _module_preset=\u00bbdefault\u00bb global_colors_info=\u00bb{}\u00bb]<\/p>\n<p>Mantenerse fresco a ciertas temperaturas no es tan f\u00e1cil. Se genera sudor, el coraz\u00f3n aumenta sus pulsaciones, todo esto influye en la concentraci\u00f3n y en el bienestar.<\/p>\n<p>Gracias a la tecnolog\u00eda que genera hasta 660 vatios de energ\u00eda de enfriamiento con sus fibras inteligentes en una estructura en 3D, en 25 almohadillas de refrigeraci\u00f3n activa y conductos de aire ZM1.\u00a0 As\u00ed\u00a0se evita la p\u00e9rdida de energ\u00eda debido a la intensa sudoraci\u00f3n.<\/p>\n<p>Y todo ello en una prenda higi\u00e9nica, lavable y con una fabricaci\u00f3n clim\u00e1ticamente neutra.<\/p>\n<p>&nbsp;<\/p>\n<p>&nbsp;<\/p>\n<p>[\/et_pb_text][\/et_pb_column][\/et_pb_row][\/et_pb_section][et_pb_section fb_built=\u00bb1&#8243; custom_padding_last_edited=\u00bboff|desktop\u00bb admin_label=\u00bbAbout Section\u00bb _builder_version=\u00bb4.11.1&#8243; background_color=\u00bbRGBA(0,0,0,0)\u00bb max_width=\u00bb96%\u00bb module_alignment=\u00bbright\u00bb custom_margin=\u00bb||100px|\u00bb custom_padding=\u00bb8vw||0px|\u00bb custom_padding_tablet=\u00bb||120px|\u00bb global_colors_info=\u00bb{}\u00bb][et_pb_row column_structure=\u00bb2_3,1_3&#8243; _builder_version=\u00bb3.25&#8243; custom_padding=\u00bb|||\u00bb animation_style=\u00bbslide\u00bb animation_direction=\u00bbright\u00bb animation_intensity_slide=\u00bb1%\u00bb locked=\u00bboff\u00bb global_colors_info=\u00bb{}\u00bb][et_pb_column type=\u00bb2_3&#8243; _builder_version=\u00bb3.25&#8243; custom_padding=\u00bb|||\u00bb global_colors_info=\u00bb{}\u00bb custom_padding__hover=\u00bb|||\u00bb][et_pb_text _builder_version=\u00bb4.11.1&#8243; text_font=\u00bb||||||||\u00bb header_font=\u00bb||||||||\u00bb header_2_font=\u00bbRaleway|700|||||||\u00bb header_2_font_size=\u00bb56px\u00bb header_2_line_height=\u00bb1.4em\u00bb custom_margin=\u00bb||20px|\u00bb animation_style=\u00bbslide\u00bb header_2_font_size_tablet=\u00bb36px\u00bb header_2_font_size_phone=\u00bb\u00bb header_2_font_size_last_edited=\u00bbon|desktop\u00bb global_colors_info=\u00bb{}\u00bb]<\/p>\n<h2>Modo de uso<\/h2>\n<p>[\/et_pb_text][et_pb_divider color=\u00bb#E02B20&#8243; divider_weight=\u00bb3px\u00bb _builder_version=\u00bb4.11.1&#8243; max_width=\u00bb50px\u00bb global_colors_info=\u00bb{}\u00bb][\/et_pb_divider][et_pb_text _builder_version=\u00bb4.11.1&#8243; text_font=\u00bbPoppins||||||||\u00bb text_font_size=\u00bb16px\u00bb text_line_height=\u00bb1.8em\u00bb animation_style=\u00bbslide\u00bb global_colors_info=\u00bb{}\u00bb]<\/p>\n<p>Activa la prenda durante 5-10 segundos con 0,5 \u2013 1 Lt de agua<\/p>\n<p>Quita el exceso de agua, enrollando gentilmente hasta que salgan gotas de la prenda<\/p>\n<p>&nbsp;<\/p>\n<ul>\n<li>Listo en 5 a 10 segundos<\/li>\n<li>Duraci\u00f3n del efecto de enfriamiento de hasta 20 horas<\/li>\n<li>Testeado con la prueba thermos \u2013 mantienela\u00a0Superficie seca al tacto<\/li>\n<li>Amigable al medio ambiente.<\/li>\n<\/ul>\n<p>[\/et_pb_text][\/et_pb_column][et_pb_column type=\u00bb1_3&#8243; _builder_version=\u00bb3.25&#8243; custom_padding=\u00bb|||\u00bb global_colors_info=\u00bb{}\u00bb custom_padding__hover=\u00bb|||\u00bb][et_pb_image src=\u00bbhttp:\/\/vican.cl\/wp-content\/uploads\/2024\/02\/proteccion_termica_vican02.png\u00bb title_text=\u00bbproteccion_termica_vican02&#8243; align_tablet=\u00bbcenter\u00bb align_phone=\u00bb\u00bb align_last_edited=\u00bbon|desktop\u00bb _builder_version=\u00bb4.11.1&#8243; max_width_tablet=\u00bb300px\u00bb max_width_phone=\u00bb\u00bb max_width_last_edited=\u00bbon|tablet\u00bb custom_margin=\u00bb|-40%||\u00bb custom_margin_tablet=\u00bb|0%||\u00bb custom_margin_phone=\u00bb\u00bb custom_margin_last_edited=\u00bbon|phone\u00bb animation_style=\u00bbslide\u00bb animation_delay=\u00bb50ms\u00bb global_colors_info=\u00bb{}\u00bb][\/et_pb_image][\/et_pb_column][\/et_pb_row][\/et_pb_section]<\/p>\n","protected":false},"excerpt":{"rendered":"<p>VicanLinea de Refrigeraci\u00f3n t\u00e9rmica VicanEl calor disminuye un 12% la productividad, usando nuestras prendas de refrigeraci\u00f3n activa, podemos tener un efecto de aire acondicionado de forma r\u00e1pida y sencilla, llegando a un rango de temperatura m\u00e1s positiva para el rendimiento. \u00abEstudios indican que una buena temperatura corporal mejora el ambiente laboral y la productividad\u00bbEvita el [&hellip;]<\/p>\n","protected":false},"author":2,"featured_media":0,"parent":0,"menu_order":0,"comment_status":"closed","ping_status":"closed","template":"","meta":{"_et_pb_use_builder":"on","_et_pb_old_content":"<!-- wp:paragraph -->\n<p>La linea de refrigeraci\u00f3n t\u00e9rmina, mantiene\u00a0la T\u00b0 corporal entre 16\u00b0C y 18\u00b0C mas\u00a0salud\u00a0y mas\u00a0concentraci\u00f3n.<\/p>\n<!-- \/wp:paragraph -->","_et_gb_content_width":"","om_disable_all_campaigns":false,"_monsterinsights_skip_tracking":false,"_monsterinsights_sitenote_active":false,"_monsterinsights_sitenote_note":"","_monsterinsights_sitenote_category":0,"footnotes":""},"class_list":["post-772","page","type-page","status-publish","hentry"],"_links":{"self":[{"href":"https:\/\/vican.cl\/index.php?rest_route=\/wp\/v2\/pages\/772","targetHints":{"allow":["GET"]}}],"collection":[{"href":"https:\/\/vican.cl\/index.php?rest_route=\/wp\/v2\/pages"}],"about":[{"href":"https:\/\/vican.cl\/index.php?rest_route=\/wp\/v2\/types\/page"}],"author":[{"embeddable":true,"href":"https:\/\/vican.cl\/index.php?rest_route=\/wp\/v2\/users\/2"}],"replies":[{"embeddable":true,"href":"https:\/\/vican.cl\/index.php?rest_route=%2Fwp%2Fv2%2Fcomments&post=772"}],"version-history":[{"count":8,"href":"https:\/\/vican.cl\/index.php?rest_route=\/wp\/v2\/pages\/772\/revisions"}],"predecessor-version":[{"id":793,"href":"https:\/\/vican.cl\/index.php?rest_route=\/wp\/v2\/pages\/772\/revisions\/793"}],"wp:attachment":[{"href":"https:\/\/vican.cl\/index.php?rest_route=%2Fwp%2Fv2%2Fmedia&parent=772"}],"curies":[{"name":"wp","href":"https:\/\/api.w.org\/{rel}","templated":true}]}}